{"id":578,"date":"2019-10-24T10:58:14","date_gmt":"2019-10-24T10:58:14","guid":{"rendered":"http:\/\/www.norcep.pt\/pt\/?page_id=578"},"modified":"2021-05-26T11:15:52","modified_gmt":"2021-05-26T11:15:52","slug":"recursos-humanos","status":"publish","type":"page","link":"http:\/\/www.norcep.pt\/pt\/recursos-humanos\/","title":{"rendered":"Recursos humanos"},"content":{"rendered":"<style id=\"kt-blocks_69cffa-f3\">#kt-layout-id_69cffa-f3 > .kt-row-column-wrap{padding-top:10px;padding-bottom:30px;padding-left:5px;}<\/style>\n<div class=\"wp-block-kadence-rowlayout alignnone\"><div id=\"kt-layout-id_69cffa-f3\" class=\"kt-row-layout-inner kt-layout-id_69cffa-f3\"><div class=\"kt-row-column-wrap kt-has-2-columns kt-gutter-default kt-v-gutter-default kt-row-valign-top kt-row-layout-equal kt-tab-layout-inherit kt-m-colapse-left-to-right kt-mobile-layout-row\">\n<div class=\"wp-block-kadence-column inner-column-1 kadence-column_f4a1ab-89\"><div class=\"kt-inside-inner-col\"><style id=\"kt-blocks_114fe8-96\">#kt-adv-heading_114fe8-96, #kt-adv-heading_114fe8-96 .wp-block-kadence-advancedheading, .wp-block-kadence-advancedheading.kt-adv-heading_114fe8-96[data-kb-block=\"kb-adv-heading_114fe8-96\"], .kadence-advanced-heading-wrapper .kt-adv-heading_114fe8-96[data-kb-block=\"kb-adv-heading_114fe8-96\"]{text-align:center;}#kt-adv-heading_114fe8-96 mark, #kt-adv-heading_114fe8-96 .wp-block-kadence-advancedheading mark, .kt-adv-heading_114fe8-96[data-kb-block=\"kb-adv-heading_114fe8-96\"] mark{padding:0px 0px 0px 0px;}<\/style>\n<h5 class=\"kt-adv-heading_114fe8-96 wp-block-kadence-advancedheading\" data-kb-block=\"kb-adv-heading_114fe8-96\">Oportunidades dispon\u00edveis:<\/h5>\n\n\n\n<div class=\"wp-block-kadence-spacer aligncenter kt-block-spacer-_a30e86-24\"><div class=\"kt-block-spacer kt-block-spacer-halign-center\" style=\"height:40px\"><hr class=\"kt-divider\" style=\"border-top-color:rgba(68, 68, 68, 0.50);border-top-width:1px;width:80%;border-top-style:solid\"\/><\/div><\/div>\n\n\n<style id=\"kt-blocks_25fb59-77\">.kt-accordion-id_25fb59-77 .kt-accordion-panel-inner {border-width:0px 0px 0px 0px;}.kt-accordion-id_25fb59-77 .wp-block-kadence-pane .kt-accordion-header-wrap .kt-blocks-accordion-header {color:#fff;background:#444;border-color:#444 #444 #444 #444;font-size:18px;line-height:24px;border-radius:0px 0px 0px 0px;border-width:0px 0px 0px 0px;padding-top:10px;padding-right:14px;padding-bottom:10px;padding-left:14px;}.kt-accordion-id_25fb59-77 .kt-blocks-accordion-header .kt-btn-svg-icon svg {width:18px;height:18px;}.kt-accordion-id_25fb59-77:not( .kt-accodion-icon-style-basiccircle ):not( .kt-accodion-icon-style-xclosecircle ):not( .kt-accodion-icon-style-arrowcircle ) .kt-blocks-accordion-icon-trigger:after, .kt-accordion-id_25fb59-77:not( .kt-accodion-icon-style-basiccircle ):not( .kt-accodion-icon-style-xclosecircle ):not( .kt-accodion-icon-style-arrowcircle ) .kt-blocks-accordion-icon-trigger:before {background:#fff;}.kt-accordion-id_25fb59-77:not( .kt-accodion-icon-style-basic ):not( .kt-accodion-icon-style-xclose ):not( .kt-accodion-icon-style-arrow ) .kt-blocks-accordion-icon-trigger {background:#fff;}.kt-accordion-id_25fb59-77:not( .kt-accodion-icon-style-basic ):not( .kt-accodion-icon-style-xclose ):not( .kt-accodion-icon-style-arrow ) .kt-blocks-accordion-icon-trigger:after, .kt-accordion-id_25fb59-77:not( .kt-accodion-icon-style-basic ):not( .kt-accodion-icon-style-xclose ):not( .kt-accodion-icon-style-arrow ) .kt-blocks-accordion-icon-trigger:before {background:#444;}.kt-accordion-id_25fb59-77 .kt-accordion-header-wrap .kt-blocks-accordion-header:hover, .kt-accordion-id_25fb59-77 .kt-accordion-header-wrap .kt-blocks-accordion-header:focus {color:#fff;background:#dd2121;border-color:#dd2121 #dd2121 #dd2121 #dd2121;}.kt-accordion-id_25fb59-77:not( .kt-accodion-icon-style-basiccircle ):not( .kt-accodion-icon-style-xclosecircle ):not( .kt-accodion-icon-style-arrowcircle ) .kt-blocks-accordion-header:hover .kt-blocks-accordion-icon-trigger:after, .kt-accordion-id_25fb59-77:not( .kt-accodion-icon-style-basiccircle ):not( .kt-accodion-icon-style-xclosecircle ):not( .kt-accodion-icon-style-arrowcircle ) .kt-blocks-accordion-header:hover .kt-blocks-accordion-icon-trigger:before, .kt-accordion-id_25fb59-77:not( .kt-accodion-icon-style-basiccircle ):not( .kt-accodion-icon-style-xclosecircle ):not( .kt-accodion-icon-style-arrowcircle ) .kt-blocks-accordion-header:focus .kt-blocks-accordion-icon-trigger:after, .kt-accordion-id_25fb59-77:not( .kt-accodion-icon-style-basiccircle ):not( .kt-accodion-icon-style-xclosecircle ):not( .kt-accodion-icon-style-arrowcircle ) .kt-blocks-accordion-header:focus .kt-blocks-accordion-icon-trigger:before {background:#fff;}.kt-accordion-id_25fb59-77:not( .kt-accodion-icon-style-basic ):not( .kt-accodion-icon-style-xclose ):not( .kt-accodion-icon-style-arrow ) .kt-blocks-accordion-header:hover .kt-blocks-accordion-icon-trigger, .kt-accordion-id_25fb59-77:not( .kt-accodion-icon-style-basic ):not( .kt-accodion-icon-style-xclose ):not( .kt-accodion-icon-style-arrow ) .kt-blocks-accordion-header:focus .kt-blocks-accordion-icon-trigger {background:#fff;}.kt-accordion-id_25fb59-77:not( .kt-accodion-icon-style-basic ):not( .kt-accodion-icon-style-xclose ):not( .kt-accodion-icon-style-arrow ) .kt-blocks-accordion-header:hover .kt-blocks-accordion-icon-trigger:after, .kt-accordion-id_25fb59-77:not( .kt-accodion-icon-style-basic ):not( .kt-accodion-icon-style-xclose ):not( .kt-accodion-icon-style-arrow ) .kt-blocks-accordion-header:hover .kt-blocks-accordion-icon-trigger:before, .kt-accordion-id_25fb59-77:not( .kt-accodion-icon-style-basic ):not( .kt-accodion-icon-style-xclose ):not( .kt-accodion-icon-style-arrow ) .kt-blocks-accordion-header:focus .kt-blocks-accordion-icon-trigger:after, .kt-accordion-id_25fb59-77:not( .kt-accodion-icon-style-basic ):not( .kt-accodion-icon-style-xclose ):not( .kt-accodion-icon-style-arrow ) .kt-blocks-accordion-header:focus .kt-blocks-accordion-icon-trigger:before {background:#dd2121;}.kt-accordion-id_25fb59-77 .kt-accordion-header-wrap .kt-blocks-accordion-header.kt-accordion-panel-active {color:#fff;background:#dd2121;border-color:#dd2121 #dd2121 #dd2121 #dd2121;}.kt-accordion-id_25fb59-77:not( .kt-accodion-icon-style-basiccircle ):not( .kt-accodion-icon-style-xclosecircle ):not( .kt-accodion-icon-style-arrowcircle ) .kt-blocks-accordion-header.kt-accordion-panel-active .kt-blocks-accordion-icon-trigger:after, .kt-accordion-id_25fb59-77:not( .kt-accodion-icon-style-basiccircle ):not( .kt-accodion-icon-style-xclosecircle ):not( .kt-accodion-icon-style-arrowcircle ) .kt-blocks-accordion-header.kt-accordion-panel-active .kt-blocks-accordion-icon-trigger:before {background:#fff;}.kt-accordion-id_25fb59-77:not( .kt-accodion-icon-style-basic ):not( .kt-accodion-icon-style-xclose ):not( .kt-accodion-icon-style-arrow ) .kt-blocks-accordion-header.kt-accordion-panel-active .kt-blocks-accordion-icon-trigger {background:#fff;}.kt-accordion-id_25fb59-77:not( .kt-accodion-icon-style-basic ):not( .kt-accodion-icon-style-xclose ):not( .kt-accodion-icon-style-arrow ) .kt-blocks-accordion-header.kt-accordion-panel-active .kt-blocks-accordion-icon-trigger:after, .kt-accordion-id_25fb59-77:not( .kt-accodion-icon-style-basic ):not( .kt-accodion-icon-style-xclose ):not( .kt-accodion-icon-style-arrow ) .kt-blocks-accordion-header.kt-accordion-panel-active .kt-blocks-accordion-icon-trigger:before {background:#dd2121;}<\/style>\n<div class=\"wp-block-kadence-accordion alignnone\"><div class=\"kt-accordion-wrap kt-accordion-wrap kt-accordion-id_25fb59-77 kt-accordion-has-11-panes kt-active-pane-0 kt-accordion-block kt-pane-header-alignment-left kt-accodion-icon-style-basic kt-accodion-icon-side-right\" style=\"max-width:none\"><div class=\"kt-accordion-inner-wrap\" data-allow-multiple-open=\"false\" data-start-open=\"none\">\n<div class=\"wp-block-kadence-pane kt-accordion-pane kt-accordion-pane-2 kt-pane_0786ca-3c\"><div class=\"kt-accordion-header-wrap\"><button class=\"kt-blocks-accordion-header kt-acccordion-button-label-show\"><span class=\"kt-blocks-accordion-title-wrap\"><span class=\"kt-blocks-accordion-title\">Candidatura espont\u00e2nea<\/span><\/span><span class=\"kt-blocks-accordion-icon-trigger\"><\/span><\/button><\/div><div class=\"kt-accordion-panel\"><div class=\"kt-accordion-panel-inner\">\n<p class=\"has-text-align-center\">Envie-nos o seu Curriculum Vitae, e agarre a sua oportunidade!<\/p>\n\n\n\n<p class=\"has-text-align-center\"><strong>Preencha o formul\u00e1rio nesta p\u00e1gina e candidate-se!<\/strong><\/p>\n<\/div><\/div><\/div>\n\n\n\n<div class=\"wp-block-kadence-pane kt-accordion-pane kt-accordion-pane-6 kt-pane_2205d3-d3\"><div class=\"kt-accordion-header-wrap\"><button class=\"kt-blocks-accordion-header kt-acccordion-button-label-show\"><span class=\"kt-blocks-accordion-title-wrap\"><span class=\"kt-blocks-accordion-title\">Norte &#8211; Encarregado geral<\/span><\/span><span class=\"kt-blocks-accordion-icon-trigger\"><\/span><\/button><\/div><div class=\"kt-accordion-panel\"><div class=\"kt-accordion-panel-inner\">\n<p class=\"has-text-align-center\">(m\/f) Zona do Grande Porto e Norte<\/p>\n\n\n\n<p class=\"has-text-align-center\">Ref\u00aa eg2101&nbsp;<\/p>\n\n\n\n<p class=\"has-text-align-center\">___<\/p>\n\n\n\n<p class=\"has-text-align-center\"> Experi\u00eancia m\u00ednima de 10 anos em edif\u00edcios;<\/p>\n\n\n\n<p class=\"has-text-align-center\">Coordena\u00e7\u00e3o e supervis\u00e3o dos trabalhos em obra;<\/p>\n\n\n\n<p class=\"has-text-align-center\">Controlo e gest\u00e3o das equipas de trabalho em obra;<\/p>\n\n\n\n<p class=\"has-text-align-center\">Atua\u00e7\u00e3o na zona norte;<\/p>\n\n\n\n<p class=\"has-text-align-center\">Disponibilidade imediata;<\/p>\n\n\n\n<p class=\"has-text-align-center\"><strong>Agarre a oportunidade!<br>Preencha o formul\u00e1rio nesta p\u00e1gina e candidate-se!<\/strong><\/p>\n<\/div><\/div><\/div>\n\n\n\n<div class=\"wp-block-kadence-pane kt-accordion-pane kt-accordion-pane-9 kt-pane_b7f407-f3\"><div class=\"kt-accordion-header-wrap\"><button class=\"kt-blocks-accordion-header kt-acccordion-button-label-show\"><span class=\"kt-blocks-accordion-title-wrap\"><span class=\"kt-blocks-accordion-title\"> Grande Lisboa &#8211; Preparador de obra <\/span><\/span><span class=\"kt-blocks-accordion-icon-trigger\"><\/span><\/button><\/div><div class=\"kt-accordion-panel\"><div class=\"kt-accordion-panel-inner\">\n<p class=\"has-text-align-center\">(m\/f) Zona da Grande Lisboa<\/p>\n\n\n\n<p class=\"has-text-align-center\">Ref\u00aa po2103&nbsp;<\/p>\n\n\n\n<p class=\"has-text-align-center\"><strong>Agarre a oportunidade!<br>Preencha o formul\u00e1rio nesta p\u00e1gina e candidate-se!<\/strong><\/p>\n<\/div><\/div><\/div>\n<\/div><\/div><\/div>\n\n\n\n<div class=\"wp-block-kadence-spacer aligncenter kt-block-spacer-_2b281c-47\"><div class=\"kt-block-spacer kt-block-spacer-halign-center\" style=\"height:40px\"><hr class=\"kt-divider\" style=\"border-top-color:rgba(68, 68, 68, 0.50);border-top-width:1px;width:80%;border-top-style:solid\"\/><\/div><\/div>\n\n\n\n<figure class=\"wp-block-image is-resized\"><img loading=\"lazy\" src=\"http:\/\/www.norcep.pt\/pt\/wp-content\/uploads\/2019\/10\/NORCEP_RH.png\" alt=\"\" class=\"wp-image-707\" width=\"535\" height=\"349\"\/><\/figure>\n<\/div><\/div>\n\n\n<style id=\"kt-blocks_83d81c-28\">.kt-row-layout-inner > .kt-row-column-wrap > .kadence-column_83d81c-28 > .kt-inside-inner-col{padding-right:25px;}<\/style>\n<div class=\"wp-block-kadence-column inner-column-2 kadence-column_83d81c-28\"><div class=\"kt-inside-inner-col\"><div class=\"wpforms-container wpforms-container-full\" id=\"wpforms-574\"><form id=\"wpforms-form-574\" class=\"wpforms-validate wpforms-form\" data-formid=\"574\" method=\"post\" enctype=\"multipart\/form-data\" action=\"\/pt\/wp-json\/wp\/v2\/pages\/578\" data-token=\"b5724e7d16e996a0ee55fd19c1de9988\"><noscript class=\"wpforms-error-noscript\">Please enable JavaScript in your browser to complete this form.<\/noscript><div class=\"wpforms-field-container\"><div id=\"wpforms-574-field_0-container\" class=\"wpforms-field wpforms-field-name\" data-field-id=\"0\"><label class=\"wpforms-field-label\" for=\"wpforms-574-field_0\">Nome <span class=\"wpforms-required-label\">*<\/span><\/label><input type=\"text\" id=\"wpforms-574-field_0\" class=\"wpforms-field-medium wpforms-field-required\" name=\"wpforms[fields][0]\" required><div class=\"wpforms-field-description\">\/\/ Nome completo<\/div><\/div><div id=\"wpforms-574-field_1-container\" class=\"wpforms-field wpforms-field-email\" data-field-id=\"1\"><label class=\"wpforms-field-label\" for=\"wpforms-574-field_1\">E-mail <span class=\"wpforms-required-label\">*<\/span><\/label><input type=\"email\" id=\"wpforms-574-field_1\" class=\"wpforms-field-medium wpforms-field-required\" name=\"wpforms[fields][1]\" required><div class=\"wpforms-field-description\">\/\/ O seu e-mail pessoal<\/div><\/div><div id=\"wpforms-574-field_6-container\" class=\"wpforms-field wpforms-field-number\" data-field-id=\"6\"><label class=\"wpforms-field-label\" for=\"wpforms-574-field_6\">Contato telef\u00f3nico <span class=\"wpforms-required-label\">*<\/span><\/label><input type=\"number\" pattern=\"\\d*\" id=\"wpforms-574-field_6\" class=\"wpforms-field-medium wpforms-field-required\" name=\"wpforms[fields][6]\" required><div class=\"wpforms-field-description\">\/\/ O seu contato preferencial<\/div><\/div><div id=\"wpforms-574-field_5-container\" class=\"wpforms-field wpforms-field-select wpforms-field-select-style-classic\" data-field-id=\"5\"><label class=\"wpforms-field-label\" for=\"wpforms-574-field_5\">Habilita\u00e7\u00f5es <span class=\"wpforms-required-label\">*<\/span><\/label><select id=\"wpforms-574-field_5\" class=\"wpforms-field-medium wpforms-field-required\" name=\"wpforms[fields][5]\" required=\"required\"><option value=\"Outra Habilita\u00e7\u00e3o\" >Outra Habilita\u00e7\u00e3o<\/option><option value=\"1\u00ba Ciclo do Ensino B\u00e1sico\" >1\u00ba Ciclo do Ensino B\u00e1sico<\/option><option value=\"2\u00ba Ciclo do Ensino B\u00e1sico\" >2\u00ba Ciclo do Ensino B\u00e1sico<\/option><option value=\"3\u00ba Ciclo do Ensino B\u00e1sico\" >3\u00ba Ciclo do Ensino B\u00e1sico<\/option><option value=\"Ensino T\u00e9cnico-Profissional\" >Ensino T\u00e9cnico-Profissional<\/option><option value=\"Ensino Secund\u00e1rio\" >Ensino Secund\u00e1rio<\/option><option value=\"Bacharelato\" >Bacharelato<\/option><option value=\"Licenciatura\" >Licenciatura<\/option><option value=\"Mestrado\" >Mestrado<\/option><option value=\"P\u00f3s-Gradua\u00e7\u00e3o\" >P\u00f3s-Gradua\u00e7\u00e3o<\/option><\/select><\/div><div id=\"wpforms-574-field_3-container\" class=\"wpforms-field wpforms-field-select wpforms-field-select-style-classic\" data-field-id=\"3\"><label class=\"wpforms-field-label\" for=\"wpforms-574-field_3\">Situa\u00e7\u00e3o laboral <span class=\"wpforms-required-label\">*<\/span><\/label><select id=\"wpforms-574-field_3\" class=\"wpforms-field-medium wpforms-field-required\" name=\"wpforms[fields][3]\" required=\"required\"><option value=\"Empregado(a)\" >Empregado(a)<\/option><option value=\"Desempregado(a)\" >Desempregado(a)<\/option><\/select><\/div><div id=\"wpforms-574-field_10-container\" class=\"wpforms-field wpforms-field-text\" data-field-id=\"10\"><label class=\"wpforms-field-label\" for=\"wpforms-574-field_10\">Posto\/Vaga a que se candidata?<\/label><input type=\"text\" id=\"wpforms-574-field_10\" class=\"wpforms-field-medium\" name=\"wpforms[fields][10]\" placeholder=\"Ref\u00aa do an\u00fancio (Caso aplic\u00e1vel)\" ><\/div><div id=\"wpforms-574-field_2-container\" class=\"wpforms-field wpforms-field-textarea\" data-field-id=\"2\"><label class=\"wpforms-field-label\" for=\"wpforms-574-field_2\">Outras informa\u00e7\u00f5es <span class=\"wpforms-required-label\">*<\/span><\/label><textarea id=\"wpforms-574-field_2\" class=\"wpforms-field-medium wpforms-field-required\" name=\"wpforms[fields][2]\" placeholder=\"Fale-nos um pouco de si.\" required><\/textarea><\/div><\/div><div class=\"wpforms-submit-container\" ><input type=\"hidden\" name=\"wpforms[id]\" value=\"574\"><input type=\"hidden\" name=\"wpforms[author]\" value=\"1\"><button type=\"submit\" name=\"wpforms[submit]\" class=\"wpforms-submit \" id=\"wpforms-submit-574\" value=\"wpforms-submit\" aria-live=\"assertive\" data-alt-text=\"A enviar...\" data-submit-text=\"Enviar candidatura\">Enviar candidatura<\/button><\/div><\/form><\/div>  <!-- .wpforms-container -->\n\n\n\n<p><\/p>\n<\/div><\/div>\n<\/div><\/div><\/div>\n","protected":false},"excerpt":{"rendered":"","protected":false},"author":1,"featured_media":0,"parent":0,"menu_order":0,"comment_status":"closed","ping_status":"closed","template":"","meta":{"kt_blocks_editor_width":""},"yoast_head":"<!-- This site is optimized with the Yoast SEO plugin v16.3 - https:\/\/yoast.com\/wordpress\/plugins\/seo\/ -->\n<title>Recursos humanos | NORCEP Constru\u00e7\u00f5es S.A.<\/title>\n<meta name=\"description\" content=\"Junte-se \u00e0 equipa NORCEP!\" \/>\n<meta name=\"robots\" content=\"index, follow, max-snippet:-1, max-image-preview:large, max-video-preview:-1\" \/>\n<link rel=\"canonical\" href=\"http:\/\/www.norcep.pt\/pt\/recursos-humanos\/\" \/>\n<meta property=\"og:locale\" content=\"pt_PT\" \/>\n<meta property=\"og:type\" content=\"article\" \/>\n<meta property=\"og:title\" content=\"Recursos humanos | NORCEP Constru\u00e7\u00f5es S.A.\" \/>\n<meta property=\"og:description\" content=\"Junte-se \u00e0 equipa NORCEP!\" \/>\n<meta property=\"og:url\" content=\"http:\/\/www.norcep.pt\/pt\/recursos-humanos\/\" \/>\n<meta property=\"og:site_name\" content=\"NORCEP Constru\u00e7\u00f5es S.A.\" \/>\n<meta property=\"article:publisher\" content=\"https:\/\/www.facebook.com\/NORCEPsa\/\" \/>\n<meta property=\"article:modified_time\" content=\"2021-05-26T11:15:52+00:00\" \/>\n<meta property=\"og:image\" content=\"http:\/\/www.norcep.pt\/pt\/wp-content\/uploads\/2019\/10\/NORCEP_RH.png\" \/>\n<meta name=\"twitter:card\" content=\"summary_large_image\" \/>\n<meta name=\"twitter:label1\" content=\"Tempo estimado de leitura\">\n\t<meta name=\"twitter:data1\" content=\"1 minuto\">\n<script type=\"application\/ld+json\" class=\"yoast-schema-graph\">{\"@context\":\"https:\/\/schema.org\",\"@graph\":[{\"@type\":\"Organization\",\"@id\":\"http:\/\/www.norcep.pt\/pt\/#organization\",\"name\":\"NORCEP Constru\\u00e7\\u00f5es S.A.\",\"url\":\"http:\/\/www.norcep.pt\/pt\/\",\"sameAs\":[\"https:\/\/www.facebook.com\/NORCEPsa\/\"],\"logo\":{\"@type\":\"ImageObject\",\"@id\":\"http:\/\/www.norcep.pt\/pt\/#logo\",\"inLanguage\":\"pt-PT\",\"url\":\"http:\/\/www.norcep.pt\/pt\/wp-content\/uploads\/2019\/10\/NORCEP_LOGO_.png\",\"contentUrl\":\"http:\/\/www.norcep.pt\/pt\/wp-content\/uploads\/2019\/10\/NORCEP_LOGO_.png\",\"width\":302,\"height\":132,\"caption\":\"NORCEP Constru\\u00e7\\u00f5es S.A.\"},\"image\":{\"@id\":\"http:\/\/www.norcep.pt\/pt\/#logo\"}},{\"@type\":\"WebSite\",\"@id\":\"http:\/\/www.norcep.pt\/pt\/#website\",\"url\":\"http:\/\/www.norcep.pt\/pt\/\",\"name\":\"NORCEP Constru\\u00e7\\u00f5es S.A.\",\"description\":\"Somos a obra que fazemos!\",\"publisher\":{\"@id\":\"http:\/\/www.norcep.pt\/pt\/#organization\"},\"potentialAction\":[{\"@type\":\"SearchAction\",\"target\":\"http:\/\/www.norcep.pt\/pt\/?s={search_term_string}\",\"query-input\":\"required name=search_term_string\"}],\"inLanguage\":\"pt-PT\"},{\"@type\":\"ImageObject\",\"@id\":\"http:\/\/www.norcep.pt\/pt\/recursos-humanos\/#primaryimage\",\"inLanguage\":\"pt-PT\",\"url\":\"http:\/\/www.norcep.pt\/pt\/wp-content\/uploads\/2019\/10\/NORCEP_RH.png\",\"contentUrl\":\"http:\/\/www.norcep.pt\/pt\/wp-content\/uploads\/2019\/10\/NORCEP_RH.png\",\"width\":1762,\"height\":1976},{\"@type\":\"WebPage\",\"@id\":\"http:\/\/www.norcep.pt\/pt\/recursos-humanos\/#webpage\",\"url\":\"http:\/\/www.norcep.pt\/pt\/recursos-humanos\/\",\"name\":\"Recursos humanos | NORCEP Constru\\u00e7\\u00f5es S.A.\",\"isPartOf\":{\"@id\":\"http:\/\/www.norcep.pt\/pt\/#website\"},\"primaryImageOfPage\":{\"@id\":\"http:\/\/www.norcep.pt\/pt\/recursos-humanos\/#primaryimage\"},\"datePublished\":\"2019-10-24T10:58:14+00:00\",\"dateModified\":\"2021-05-26T11:15:52+00:00\",\"description\":\"Junte-se \\u00e0 equipa NORCEP!\",\"breadcrumb\":{\"@id\":\"http:\/\/www.norcep.pt\/pt\/recursos-humanos\/#breadcrumb\"},\"inLanguage\":\"pt-PT\",\"potentialAction\":[{\"@type\":\"ReadAction\",\"target\":[\"http:\/\/www.norcep.pt\/pt\/recursos-humanos\/\"]}]},{\"@type\":\"BreadcrumbList\",\"@id\":\"http:\/\/www.norcep.pt\/pt\/recursos-humanos\/#breadcrumb\",\"itemListElement\":[{\"@type\":\"ListItem\",\"position\":1,\"item\":{\"@type\":\"WebPage\",\"@id\":\"http:\/\/www.norcep.pt\/pt\/\",\"url\":\"http:\/\/www.norcep.pt\/pt\/\",\"name\":\"In\\u00edcio\"}},{\"@type\":\"ListItem\",\"position\":2,\"item\":{\"@id\":\"http:\/\/www.norcep.pt\/pt\/recursos-humanos\/#webpage\"}}]}]}<\/script>\n<!-- \/ Yoast SEO plugin. -->","_links":{"self":[{"href":"http:\/\/www.norcep.pt\/pt\/wp-json\/wp\/v2\/pages\/578"}],"collection":[{"href":"http:\/\/www.norcep.pt\/pt\/wp-json\/wp\/v2\/pages"}],"about":[{"href":"http:\/\/www.norcep.pt\/pt\/wp-json\/wp\/v2\/types\/page"}],"author":[{"embeddable":true,"href":"http:\/\/www.norcep.pt\/pt\/wp-json\/wp\/v2\/users\/1"}],"replies":[{"embeddable":true,"href":"http:\/\/www.norcep.pt\/pt\/wp-json\/wp\/v2\/comments?post=578"}],"version-history":[{"count":85,"href":"http:\/\/www.norcep.pt\/pt\/wp-json\/wp\/v2\/pages\/578\/revisions"}],"predecessor-version":[{"id":1768,"href":"http:\/\/www.norcep.pt\/pt\/wp-json\/wp\/v2\/pages\/578\/revisions\/1768"}],"wp:attachment":[{"href":"http:\/\/www.norcep.pt\/pt\/wp-json\/wp\/v2\/media?parent=578"}],"curies":[{"name":"wp","href":"https:\/\/api.w.org\/{rel}","templated":true}]}}