{"id":631,"date":"2019-10-24T13:07:26","date_gmt":"2019-10-24T13:07:26","guid":{"rendered":"http:\/\/www.norcep.pt\/pt\/?page_id=631"},"modified":"2019-10-25T16:30:59","modified_gmt":"2019-10-25T16:30:59","slug":"politica-de-qualidade","status":"publish","type":"page","link":"http:\/\/www.norcep.pt\/pt\/politica-de-qualidade\/","title":{"rendered":"Pol\u00edtica de Qualidade"},"content":{"rendered":"\n<div class=\"wp-block-kadence-rowlayout alignnone\"><div id=\"kt-layout-id_84307f-1f\" class=\"kt-row-layout-inner  kt-layout-id_84307f-1f\"><div class=\"kt-row-column-wrap kt-has-2-columns kt-gutter-default kt-v-gutter-default kt-row-valign-top kt-row-layout-equal kt-tab-layout-inherit kt-m-colapse-left-to-right kt-mobile-layout-row\">\n<div class=\"wp-block-kadence-column inner-column-1 kadence-column_099c10-3e\"><div class=\"kt-inside-inner-col\">\n<p>.<\/p>\n\n\n\n<p><\/p>\n\n\n\n<p><\/p>\n\n\n\n<p>A administra\u00e7\u00e3o da NORCEP, est\u00e1 comprometida em gerir a sua organiza\u00e7\u00e3o atrav\u00e9s de um sistema de Gest\u00e3o da Qualidade adequado \u00e0 realidade da Empresa e que tenha como refer\u00eancia a norma NP EN ISSO 9001.<\/p>\n\n\n\n<p>Estando atenta \u00e0s exig\u00eancias impostas pelo mercado\nonde se encontra inserida, est\u00e1 consciente da necessidade de preparar a Empresa\npara um crescimento sustentado, tendo em vista a satisfa\u00e7\u00e3o dos seus Clientes e\no alcan\u00e7ar dos objetivos de gest\u00e3o.<\/p>\n\n\n\n<p>Neste contexto foram estabelecidos os seguintes\nprinc\u00edpios:<\/p>\n\n\n\n<p>1 \u2013 A Gest\u00e3o da Organiza\u00e7\u00e3o apoiada num Sistema de\nGest\u00e3o da Qualidade adequado \u00e0 realidade da empresa e que tenha como refer\u00eancia\na norma NP EN ISSO 9001;<\/p>\n\n\n\n<p>2 \u2013 A satisfa\u00e7\u00e3o dos nossos Clientes, minimizando as\nn\u00e3o conformidades e reclama\u00e7\u00f5es, atrav\u00e9s da qualidade dos servi\u00e7os e do\ncumprimento dos prazos de execu\u00e7\u00e3o;<\/p>\n\n\n\n<p>3 \u2013 O cumprimento dos requisitos legais e\nregulamentares aplic\u00e1veis;<\/p>\n\n\n\n<p>4 \u2013 A compet\u00eancia dos nossos colaboradores e a sua\nrealiza\u00e7\u00e3o profissional, como fator decisivo na competitividade da Empresa,\natrav\u00e9s do acesso a forma\u00e7\u00e3o adequada;<\/p>\n\n\n\n<p>5 \u2013 Uma maior competitividade no mercado atual;<\/p>\n\n\n\n<p>6 \u2013 A capacidade de assegurar os n\u00edveis de fiabilidade exigidos pelos Clientes.<\/p>\n\n\n\n<p>Com base neles manter a miss\u00e3o da empresa:\n\n&#8211;<em>queremos estar\nentre os melhores<\/em>\n\n&#8211;<em>o nosso \u00faltimo\ntrabalho foi o nosso melhor trabalho<\/em>\n\n&#8211;<em>se n\u00e3o fizemos\nmelhor foi porque n\u00e3o sab\u00edamos<\/em>\n\n&#8211;<em>mas vamos\naprender<\/em><\/p>\n\n\n\n<p><strong>Pretende-se\nassim estabelecer uma cultura organizacional orientada para a melhoria\ncont\u00ednua, que aposta fortemente no envolvimento dos seus recursos humanos a\ntodos os n\u00edveis, como base do sucesso da NORCEP.<\/strong><\/p>\n<\/div><\/div>\n\n\n\n<div class=\"wp-block-kadence-column inner-column-2 kadence-column_8cc98a-de\"><div class=\"kt-inside-inner-col\">\n<figure class=\"wp-block-image is-resized\"><img src=\"http:\/\/www.norcep.pt\/pt\/wp-content\/uploads\/2019\/10\/NORCEP_H-593x1024.png\" alt=\"\" class=\"wp-image-608\" width=\"400\" srcset=\"http:\/\/www.norcep.pt\/pt\/wp-content\/uploads\/2019\/10\/NORCEP_H-593x1024.png 593w, http:\/\/www.norcep.pt\/pt\/wp-content\/uploads\/2019\/10\/NORCEP_H-174x300.png 174w, http:\/\/www.norcep.pt\/pt\/wp-content\/uploads\/2019\/10\/NORCEP_H-768x1325.png 768w, http:\/\/www.norcep.pt\/pt\/wp-content\/uploads\/2019\/10\/NORCEP_H.png 890w\" sizes=\"(max-width: 593px) 100vw, 593px\" \/><\/figure>\n<\/div><\/div>\n<\/div><\/div><\/div>\n","protected":false},"excerpt":{"rendered":"","protected":false},"author":1,"featured_media":0,"parent":0,"menu_order":0,"comment_status":"closed","ping_status":"closed","template":"","meta":{"kt_blocks_editor_width":""},"yoast_head":"<!-- This site is optimized with the Yoast SEO plugin v16.3 - https:\/\/yoast.com\/wordpress\/plugins\/seo\/ -->\n<title>Pol\u00edtica de Qualidade | NORCEP Constru\u00e7\u00f5es S.A.<\/title>\n<meta name=\"robots\" content=\"index, follow, max-snippet:-1, max-image-preview:large, max-video-preview:-1\" \/>\n<link rel=\"canonical\" href=\"http:\/\/www.norcep.pt\/pt\/politica-de-qualidade\/\" \/>\n<meta property=\"og:locale\" content=\"pt_PT\" \/>\n<meta property=\"og:type\" content=\"article\" \/>\n<meta property=\"og:title\" content=\"Pol\u00edtica de Qualidade | NORCEP Constru\u00e7\u00f5es S.A.\" \/>\n<meta property=\"og:url\" content=\"http:\/\/www.norcep.pt\/pt\/politica-de-qualidade\/\" \/>\n<meta property=\"og:site_name\" content=\"NORCEP Constru\u00e7\u00f5es S.A.\" \/>\n<meta property=\"article:publisher\" content=\"https:\/\/www.facebook.com\/NORCEPsa\/\" \/>\n<meta property=\"article:modified_time\" content=\"2019-10-25T16:30:59+00:00\" \/>\n<meta property=\"og:image\" content=\"http:\/\/www.norcep.pt\/pt\/wp-content\/uploads\/2019\/10\/NORCEP_H-593x1024.png\" \/>\n<meta name=\"twitter:card\" content=\"summary_large_image\" \/>\n<meta name=\"twitter:label1\" content=\"Tempo estimado de leitura\">\n\t<meta name=\"twitter:data1\" content=\"1 minuto\">\n<script type=\"application\/ld+json\" class=\"yoast-schema-graph\">{\"@context\":\"https:\/\/schema.org\",\"@graph\":[{\"@type\":\"Organization\",\"@id\":\"http:\/\/www.norcep.pt\/pt\/#organization\",\"name\":\"NORCEP Constru\\u00e7\\u00f5es S.A.\",\"url\":\"http:\/\/www.norcep.pt\/pt\/\",\"sameAs\":[\"https:\/\/www.facebook.com\/NORCEPsa\/\"],\"logo\":{\"@type\":\"ImageObject\",\"@id\":\"http:\/\/www.norcep.pt\/pt\/#logo\",\"inLanguage\":\"pt-PT\",\"url\":\"http:\/\/www.norcep.pt\/pt\/wp-content\/uploads\/2019\/10\/NORCEP_LOGO_.png\",\"contentUrl\":\"http:\/\/www.norcep.pt\/pt\/wp-content\/uploads\/2019\/10\/NORCEP_LOGO_.png\",\"width\":302,\"height\":132,\"caption\":\"NORCEP Constru\\u00e7\\u00f5es S.A.\"},\"image\":{\"@id\":\"http:\/\/www.norcep.pt\/pt\/#logo\"}},{\"@type\":\"WebSite\",\"@id\":\"http:\/\/www.norcep.pt\/pt\/#website\",\"url\":\"http:\/\/www.norcep.pt\/pt\/\",\"name\":\"NORCEP Constru\\u00e7\\u00f5es S.A.\",\"description\":\"Somos a obra que fazemos!\",\"publisher\":{\"@id\":\"http:\/\/www.norcep.pt\/pt\/#organization\"},\"potentialAction\":[{\"@type\":\"SearchAction\",\"target\":\"http:\/\/www.norcep.pt\/pt\/?s={search_term_string}\",\"query-input\":\"required name=search_term_string\"}],\"inLanguage\":\"pt-PT\"},{\"@type\":\"ImageObject\",\"@id\":\"http:\/\/www.norcep.pt\/pt\/politica-de-qualidade\/#primaryimage\",\"inLanguage\":\"pt-PT\",\"url\":\"http:\/\/www.norcep.pt\/pt\/wp-content\/uploads\/2019\/10\/NORCEP_H.png\",\"contentUrl\":\"http:\/\/www.norcep.pt\/pt\/wp-content\/uploads\/2019\/10\/NORCEP_H.png\",\"width\":890,\"height\":1536},{\"@type\":\"WebPage\",\"@id\":\"http:\/\/www.norcep.pt\/pt\/politica-de-qualidade\/#webpage\",\"url\":\"http:\/\/www.norcep.pt\/pt\/politica-de-qualidade\/\",\"name\":\"Pol\\u00edtica de Qualidade | NORCEP Constru\\u00e7\\u00f5es S.A.\",\"isPartOf\":{\"@id\":\"http:\/\/www.norcep.pt\/pt\/#website\"},\"primaryImageOfPage\":{\"@id\":\"http:\/\/www.norcep.pt\/pt\/politica-de-qualidade\/#primaryimage\"},\"datePublished\":\"2019-10-24T13:07:26+00:00\",\"dateModified\":\"2019-10-25T16:30:59+00:00\",\"breadcrumb\":{\"@id\":\"http:\/\/www.norcep.pt\/pt\/politica-de-qualidade\/#breadcrumb\"},\"inLanguage\":\"pt-PT\",\"potentialAction\":[{\"@type\":\"ReadAction\",\"target\":[\"http:\/\/www.norcep.pt\/pt\/politica-de-qualidade\/\"]}]},{\"@type\":\"BreadcrumbList\",\"@id\":\"http:\/\/www.norcep.pt\/pt\/politica-de-qualidade\/#breadcrumb\",\"itemListElement\":[{\"@type\":\"ListItem\",\"position\":1,\"item\":{\"@type\":\"WebPage\",\"@id\":\"http:\/\/www.norcep.pt\/pt\/\",\"url\":\"http:\/\/www.norcep.pt\/pt\/\",\"name\":\"In\\u00edcio\"}},{\"@type\":\"ListItem\",\"position\":2,\"item\":{\"@id\":\"http:\/\/www.norcep.pt\/pt\/politica-de-qualidade\/#webpage\"}}]}]}<\/script>\n<!-- \/ Yoast SEO plugin. -->","_links":{"self":[{"href":"http:\/\/www.norcep.pt\/pt\/wp-json\/wp\/v2\/pages\/631"}],"collection":[{"href":"http:\/\/www.norcep.pt\/pt\/wp-json\/wp\/v2\/pages"}],"about":[{"href":"http:\/\/www.norcep.pt\/pt\/wp-json\/wp\/v2\/types\/page"}],"author":[{"embeddable":true,"href":"http:\/\/www.norcep.pt\/pt\/wp-json\/wp\/v2\/users\/1"}],"replies":[{"embeddable":true,"href":"http:\/\/www.norcep.pt\/pt\/wp-json\/wp\/v2\/comments?post=631"}],"version-history":[{"count":11,"href":"http:\/\/www.norcep.pt\/pt\/wp-json\/wp\/v2\/pages\/631\/revisions"}],"predecessor-version":[{"id":642,"href":"http:\/\/www.norcep.pt\/pt\/wp-json\/wp\/v2\/pages\/631\/revisions\/642"}],"wp:attachment":[{"href":"http:\/\/www.norcep.pt\/pt\/wp-json\/wp\/v2\/media?parent=631"}],"curies":[{"name":"wp","href":"https:\/\/api.w.org\/{rel}","templated":true}]}}