{"id":794,"date":"2019-10-25T09:57:47","date_gmt":"2019-10-25T09:57:47","guid":{"rendered":"http:\/\/www.norcep.pt\/pt\/?page_id=794"},"modified":"2019-10-30T18:09:31","modified_gmt":"2019-10-30T18:09:31","slug":"politica-de-protecao-de-dados","status":"publish","type":"page","link":"http:\/\/www.norcep.pt\/pt\/politica-de-protecao-de-dados\/","title":{"rendered":"Pol\u00edtica de Prote\u00e7\u00e3o de dados"},"content":{"rendered":"<style id=\"kt-blocks_08d173-d4\">#kt-layout-id_08d173-d4 > .kt-row-column-wrap{padding-left:25px;padding-right:25px;}<\/style>\n<div class=\"wp-block-kadence-rowlayout aligncenter\"><div id=\"kt-layout-id_08d173-d4\" class=\"kt-row-layout-inner  kt-layout-id_08d173-d4\"><div class=\"kt-row-column-wrap kt-has-2-columns kt-gutter-default kt-v-gutter-default kt-row-valign-top kt-row-layout-row kt-tab-layout-inherit kt-m-colapse-left-to-right kt-mobile-layout-row\">\n<div class=\"wp-block-kadence-column inner-column-1 kadence-column_25f970-89\"><div class=\"kt-inside-inner-col\">\n<p>A entidade respons\u00e1vel, conforme o Regulamento Geral Sobre a Prote\u00e7\u00e3o de Dados \u00e9:<\/p>\n\n\n<style id=\"kt-blocks_0a1aef-7a\">#kt-adv-heading_0a1aef-7a, #kt-adv-heading_0a1aef-7a .wp-block-kadence-advancedheading, .wp-block-kadence-advancedheading.kt-adv-heading_0a1aef-7a[data-kb-block=\"kb-adv-heading_0a1aef-7a\"], .kadence-advanced-heading-wrapper .kt-adv-heading_0a1aef-7a[data-kb-block=\"kb-adv-heading_0a1aef-7a\"]{font-size:12px;line-height:18px;letter-spacing:0.1px;}<\/style>\n<h6 id=\"kt-adv-heading_0a1aef-7a\" class=\"kt-adv-heading_0a1aef-7a wp-block-kadence-advancedheading\" style=\"letter-spacing:0.1px\"><strong>NORCEP CONSTRUCOES S.A.  <\/strong><br>Rua Dr. Carlos Cal Brand\u00e3o,167<br>4050 \u2013 160 Porto, Portugal<br>E-Mail: norcep@norcep.pt<\/h6>\n\n\n\n<p><\/p>\n\n\n\n<div class=\"wp-block-kadence-spacer aligncenter kt-block-spacer-_6d382d-eb\"><div class=\"kt-block-spacer kt-block-spacer-halign-center\" style=\"height:20px\"><hr class=\"kt-divider\" style=\"border-top-color:rgba(68, 68, 68, 0.50);border-top-width:1px;width:80%;border-top-style:solid\"\/><\/div><\/div>\n\n\n\n<p><\/p>\n\n\n\n<p><strong>1. Prote\u00e7\u00e3o de dados<\/strong><\/p>\n\n\n\n<p>Agradecemos a sua visita \u00e0s nossas p\u00e1ginas Web e o seu interesse na nossa oferta. A prote\u00e7\u00e3o dos seus dados pessoais \u00e9 uma preocupa\u00e7\u00e3o particularmente importante para n\u00f3s. <\/p>\n\n\n\n<p>A nossa declara\u00e7\u00e3o de privacidade relativa \u00e0 utiliza\u00e7\u00e3o das nossas p\u00e1ginas Web e \u00e0 Pol\u00edtica de Privacidade n\u00e3o se aplicam \u00e0s atividades que efetuar em p\u00e1ginas Web de redes sociais ou de outros fornecedores, para os quais poder\u00e1 ser direcionado ao clicar em liga\u00e7\u00f5es inclu\u00eddas nas nossas p\u00e1ginas Web. <\/p>\n\n\n\n<p><strong>2. Recolha e processamento dos seus dados pessoais<\/strong><\/p>\n\n\n\n<p>N\u00e3o \u00e9 obrigado a transmitir os seus dados pessoais, nem por motivos legais nem por motivos contratuais. Mas \u00e9 poss\u00edvel que determinadas funcionalidades nas nossas p\u00e1ginas web dependam da transmiss\u00e3o de dados pessoais. Nestes casos, se n\u00e3o transmitir os dados pessoais, isso poder\u00e1 fazer com que certas funcionalidades n\u00e3o estejam dispon\u00edveis ou estejam dispon\u00edveis apenas com limita\u00e7\u00f5es.<\/p>\n\n\n\n<p><strong>3. Fins de utiliza\u00e7\u00e3o<\/strong><\/p>\n\n\n\n<p>Os dados pessoais que recolhemos durante uma visita \u00e0s nossas p\u00e1ginas web s\u00e3o utilizados para tornar a utiliza\u00e7\u00e3o das p\u00e1ginas t\u00e3o c\u00f3moda quanto poss\u00edvel e para proteger os nossos sistemas inform\u00e1ticos de ataques e de outras a\u00e7\u00f5es ilegais.<\/p>\n\n\n\n<p><strong>4. Transmiss\u00e3o de dados pessoais a terceiros; Social Plug-ins<\/strong><\/p>\n\n\n\n<p>As nossas p\u00e1ginas web podem conter tamb\u00e9m ofertas de terceiros. Quando clica numa destas ofertas, n\u00f3s transmitimos, na medida do necess\u00e1rio, dados para o respetivo fornecedor (p. ex. a indica\u00e7\u00e3o de que encontrou a oferta no nosso website, e eventualmente outras informa\u00e7\u00f5es que j\u00e1 forneceu para o efeito nas nossas p\u00e1ginas).<\/p>\n\n\n\n<p>Quando utilizamos nas nossas p\u00e1ginas os chamados \u00abSocial Plug-ins\u00bb de redes sociais como Facebook ou Linkedin, estes s\u00e3o integrados da seguinte forma: Ao visitar as nossas p\u00e1ginas web, os Social Plug-ins est\u00e3o desativados, ou seja, n\u00e3o ocorre a transmiss\u00e3o de quaisquer dados para os operadores destas redes sociais. Se desejar utilizar uma das redes sociais, clique no respetivo Social Plug-in, para estabelecer uma liga\u00e7\u00e3o direta com o servidor da respetiva rede.<\/p>\n\n\n\n<p>Se tiver uma conta de utilizador na rede e no momento de ativar o Social Plug-in tiver uma sess\u00e3o iniciada na rede, a rede pode atribuir a sua visita \u00e0s nossas p\u00e1ginas web \u00e0 sua conta de utilizador. Se deseja evit\u00e1-lo, encerre a sua sess\u00e3o na rede, antes de ativar o Social Plug-in. Uma rede social n\u00e3o pode atribuir a visita de outras p\u00e1ginas web, enquanto n\u00e3o tiver ativado um Social Plug-in ali existente.<\/p>\n\n\n\n<p>Ao ativar um Social Plug-in, a rede transmite os conte\u00fados utilizados assim disponibilizados diretamente para o seu browser, que os integra nas nossas p\u00e1ginas web. Nesta situa\u00e7\u00e3o, podem tamb\u00e9m verificar-se transmiss\u00f5es de dados que s\u00e3o iniciadas e comandadas pela respetiva rede social. Para a sua liga\u00e7\u00e3o a uma rede social, para as transmiss\u00f5es de dados que ocorrem entre a rede e o seu sistema e para as suas intera\u00e7\u00f5es nesta plataforma s\u00e3o v\u00e1lidas exclusivamente as disposi\u00e7\u00f5es de prote\u00e7\u00e3o de dados da respetiva rede.<\/p>\n\n\n\n<p>O Social Plug-in permanece ativo, at\u00e9 que o desative ou apague os seus cookies.<\/p>\n<\/div><\/div>\n\n\n\n<div class=\"wp-block-kadence-column inner-column-2 kadence-column_f6558f-b6\"><div class=\"kt-inside-inner-col\"><\/div><\/div>\n<\/div><\/div><\/div>\n","protected":false},"excerpt":{"rendered":"","protected":false},"author":1,"featured_media":0,"parent":0,"menu_order":0,"comment_status":"closed","ping_status":"closed","template":"","meta":{"kt_blocks_editor_width":""},"yoast_head":"<!-- This site is optimized with the Yoast SEO plugin v16.3 - https:\/\/yoast.com\/wordpress\/plugins\/seo\/ -->\n<title>Pol\u00edtica de Prote\u00e7\u00e3o de dados | NORCEP Constru\u00e7\u00f5es S.A.<\/title>\n<meta name=\"robots\" content=\"index, follow, max-snippet:-1, max-image-preview:large, max-video-preview:-1\" \/>\n<link rel=\"canonical\" href=\"http:\/\/www.norcep.pt\/pt\/politica-de-protecao-de-dados\/\" \/>\n<meta property=\"og:locale\" content=\"pt_PT\" \/>\n<meta property=\"og:type\" content=\"article\" \/>\n<meta property=\"og:title\" content=\"Pol\u00edtica de Prote\u00e7\u00e3o de dados | NORCEP Constru\u00e7\u00f5es S.A.\" \/>\n<meta property=\"og:url\" content=\"http:\/\/www.norcep.pt\/pt\/politica-de-protecao-de-dados\/\" \/>\n<meta property=\"og:site_name\" content=\"NORCEP Constru\u00e7\u00f5es S.A.\" \/>\n<meta property=\"article:publisher\" content=\"https:\/\/www.facebook.com\/NORCEPsa\/\" \/>\n<meta property=\"article:modified_time\" content=\"2019-10-30T18:09:31+00:00\" \/>\n<meta name=\"twitter:card\" content=\"summary_large_image\" \/>\n<meta name=\"twitter:label1\" content=\"Tempo estimado de leitura\">\n\t<meta name=\"twitter:data1\" content=\"3 minutos\">\n<script type=\"application\/ld+json\" class=\"yoast-schema-graph\">{\"@context\":\"https:\/\/schema.org\",\"@graph\":[{\"@type\":\"Organization\",\"@id\":\"http:\/\/www.norcep.pt\/pt\/#organization\",\"name\":\"NORCEP Constru\\u00e7\\u00f5es S.A.\",\"url\":\"http:\/\/www.norcep.pt\/pt\/\",\"sameAs\":[\"https:\/\/www.facebook.com\/NORCEPsa\/\"],\"logo\":{\"@type\":\"ImageObject\",\"@id\":\"http:\/\/www.norcep.pt\/pt\/#logo\",\"inLanguage\":\"pt-PT\",\"url\":\"http:\/\/www.norcep.pt\/pt\/wp-content\/uploads\/2019\/10\/NORCEP_LOGO_.png\",\"contentUrl\":\"http:\/\/www.norcep.pt\/pt\/wp-content\/uploads\/2019\/10\/NORCEP_LOGO_.png\",\"width\":302,\"height\":132,\"caption\":\"NORCEP Constru\\u00e7\\u00f5es S.A.\"},\"image\":{\"@id\":\"http:\/\/www.norcep.pt\/pt\/#logo\"}},{\"@type\":\"WebSite\",\"@id\":\"http:\/\/www.norcep.pt\/pt\/#website\",\"url\":\"http:\/\/www.norcep.pt\/pt\/\",\"name\":\"NORCEP Constru\\u00e7\\u00f5es S.A.\",\"description\":\"Somos a obra que fazemos!\",\"publisher\":{\"@id\":\"http:\/\/www.norcep.pt\/pt\/#organization\"},\"potentialAction\":[{\"@type\":\"SearchAction\",\"target\":\"http:\/\/www.norcep.pt\/pt\/?s={search_term_string}\",\"query-input\":\"required name=search_term_string\"}],\"inLanguage\":\"pt-PT\"},{\"@type\":\"WebPage\",\"@id\":\"http:\/\/www.norcep.pt\/pt\/politica-de-protecao-de-dados\/#webpage\",\"url\":\"http:\/\/www.norcep.pt\/pt\/politica-de-protecao-de-dados\/\",\"name\":\"Pol\\u00edtica de Prote\\u00e7\\u00e3o de dados | NORCEP Constru\\u00e7\\u00f5es S.A.\",\"isPartOf\":{\"@id\":\"http:\/\/www.norcep.pt\/pt\/#website\"},\"datePublished\":\"2019-10-25T09:57:47+00:00\",\"dateModified\":\"2019-10-30T18:09:31+00:00\",\"breadcrumb\":{\"@id\":\"http:\/\/www.norcep.pt\/pt\/politica-de-protecao-de-dados\/#breadcrumb\"},\"inLanguage\":\"pt-PT\",\"potentialAction\":[{\"@type\":\"ReadAction\",\"target\":[\"http:\/\/www.norcep.pt\/pt\/politica-de-protecao-de-dados\/\"]}]},{\"@type\":\"BreadcrumbList\",\"@id\":\"http:\/\/www.norcep.pt\/pt\/politica-de-protecao-de-dados\/#breadcrumb\",\"itemListElement\":[{\"@type\":\"ListItem\",\"position\":1,\"item\":{\"@type\":\"WebPage\",\"@id\":\"http:\/\/www.norcep.pt\/pt\/\",\"url\":\"http:\/\/www.norcep.pt\/pt\/\",\"name\":\"In\\u00edcio\"}},{\"@type\":\"ListItem\",\"position\":2,\"item\":{\"@id\":\"http:\/\/www.norcep.pt\/pt\/politica-de-protecao-de-dados\/#webpage\"}}]}]}<\/script>\n<!-- \/ Yoast SEO plugin. -->","_links":{"self":[{"href":"http:\/\/www.norcep.pt\/pt\/wp-json\/wp\/v2\/pages\/794"}],"collection":[{"href":"http:\/\/www.norcep.pt\/pt\/wp-json\/wp\/v2\/pages"}],"about":[{"href":"http:\/\/www.norcep.pt\/pt\/wp-json\/wp\/v2\/types\/page"}],"author":[{"embeddable":true,"href":"http:\/\/www.norcep.pt\/pt\/wp-json\/wp\/v2\/users\/1"}],"replies":[{"embeddable":true,"href":"http:\/\/www.norcep.pt\/pt\/wp-json\/wp\/v2\/comments?post=794"}],"version-history":[{"count":24,"href":"http:\/\/www.norcep.pt\/pt\/wp-json\/wp\/v2\/pages\/794\/revisions"}],"predecessor-version":[{"id":1112,"href":"http:\/\/www.norcep.pt\/pt\/wp-json\/wp\/v2\/pages\/794\/revisions\/1112"}],"wp:attachment":[{"href":"http:\/\/www.norcep.pt\/pt\/wp-json\/wp\/v2\/media?parent=794"}],"curies":[{"name":"wp","href":"https:\/\/api.w.org\/{rel}","templated":true}]}}