{"id":909,"date":"2019-10-28T17:32:04","date_gmt":"2019-10-28T17:32:04","guid":{"rendered":"http:\/\/www.norcep.pt\/pt\/?page_id=909"},"modified":"2020-04-27T08:57:06","modified_gmt":"2020-04-27T08:57:06","slug":"apresentacao","status":"publish","type":"page","link":"http:\/\/www.norcep.pt\/pt\/apresentacao\/","title":{"rendered":"Sobre N\u00f3s"},"content":{"rendered":"<style id=\"kt-blocks_ebae4f-84\">#kt-layout-id_ebae4f-84 > .kt-row-column-wrap{padding-bottom:0px;}<\/style>\n<div class=\"wp-block-kadence-rowlayout alignnone\"><div id=\"kt-layout-id_ebae4f-84\" class=\"kt-row-layout-inner  kt-layout-id_ebae4f-84\"><div class=\"kt-row-column-wrap kt-has-1-columns kt-gutter-default kt-v-gutter-default kt-row-valign-top kt-row-layout-equal kt-tab-layout-inherit kt-m-colapse-left-to-right kt-mobile-layout-row\">\n<div class=\"wp-block-kadence-column inner-column-1 kadence-column_fb5f84-3a\"><div class=\"kt-inside-inner-col\">\n<div class=\"wp-block-kadence-spacer aligncenter kt-block-spacer-_24b82f-da\"><div class=\"kt-block-spacer kt-block-spacer-halign-center\" style=\"height:20px\"><hr class=\"kt-divider\" style=\"border-top-color:rgba(68, 68, 68, 0.50);border-top-width:1px;width:80%;border-top-style:solid\"\/><\/div><\/div>\n\n\n\n<div class=\"wp-block-image\"><figure class=\"aligncenter\"><img loading=\"lazy\" width=\"1024\" height=\"366\" src=\"http:\/\/www.norcep.pt\/pt\/wp-content\/uploads\/2019\/10\/ambicao-1024x366.png\" alt=\"\" class=\"wp-image-1322\" srcset=\"http:\/\/www.norcep.pt\/pt\/wp-content\/uploads\/2019\/10\/ambicao.png 1024w, http:\/\/www.norcep.pt\/pt\/wp-content\/uploads\/2019\/10\/ambicao-300x107.png 300w, http:\/\/www.norcep.pt\/pt\/wp-content\/uploads\/2019\/10\/ambicao-768x275.png 768w\" sizes=\"(max-width: 1024px) 100vw, 1024px\" \/><\/figure><\/div>\n<\/div><\/div>\n<\/div><\/div><\/div>\n\n\n<style id=\"kt-blocks_d1c241-3c\">#kt-layout-id_d1c241-3c > .kt-row-column-wrap{padding-bottom:0px;padding-left:56px;padding-right:70px;}<\/style>\n<div class=\"wp-block-kadence-rowlayout alignnone\"><div id=\"kt-layout-id_d1c241-3c\" class=\"kt-row-layout-inner  kt-layout-id_d1c241-3c\"><div class=\"kt-row-column-wrap kt-has-1-columns kt-gutter-default kt-v-gutter-default kt-row-valign-top kt-row-layout-equal kt-tab-layout-inherit kt-m-colapse-left-to-right kt-mobile-layout-row\">\n<div class=\"wp-block-kadence-column inner-column-1 kadence-column_51a899-cc\"><div class=\"kt-inside-inner-col\">\n<p> A <strong>NORCEP Constru\u00e7\u00f5es<\/strong> \u00e9 uma empresa orientada para o empreendedorismo, com pessoas rigorosas e comprometidas com a excel\u00eancia da execu\u00e7\u00e3o e focalizadas constantemente em exceder as expectativas dos nossos clientes. <br><br>O neg\u00f3cio da empresa \u00e9 a constru\u00e7\u00e3o civil atuando maioritariamente em obras p\u00fablicas, tendo realizado at\u00e9 \u00e0 data, obras de caracter\u00edsticas diferenciadas, demonstrativas da nossa capacidade t\u00e9cnica e empreendedora, onde primamos pelo cumprimento de prazos e qualidade de execu\u00e7\u00e3o. Financeiramente s\u00f3lidos temos obtido nos \u00faltimos anos contabil\u00edsticos um crescimento sustent\u00e1vel significativo.<br><br>Aliando os fortes conhecimentos do sector, a uma equipa com uma larga experi\u00eancia na atividade, a <strong>NORCEP Constru\u00e7\u00f5es<\/strong> apresenta-se como uma empresa de destaque, no panorama empresarial do sector, no Pa\u00eds. <\/p>\n\n\n\n<p style=\"text-align:left\"><br><strong>A equipa de gest\u00e3o<\/strong><br><em>Andr\u00e9 Franklim Ribeiro<br>Tiago Martins Ribeiro<\/em><\/p>\n<\/div><\/div>\n<\/div><\/div><\/div>\n\n\n\n<div class=\"wp-block-kadence-spacer aligncenter kt-block-spacer-_ab3136-7c\"><div class=\"kt-block-spacer kt-block-spacer-halign-center\" style=\"height:20px\"><hr class=\"kt-divider\" style=\"border-top-color:rgba(68, 68, 68, 0.50);border-top-width:1px;width:80%;border-top-style:solid\"\/><\/div><\/div>\n\n\n<style id=\"kt-blocks_a52052-b1\">#kt-layout-id_a52052-b1 > .kt-row-column-wrap{padding-left:50px;padding-right:70px;}<\/style>\n<div class=\"wp-block-kadence-rowlayout alignnone\"><div id=\"kt-layout-id_a52052-b1\" class=\"kt-row-layout-inner  kt-layout-id_a52052-b1\"><div class=\"kt-row-column-wrap kt-has-1-columns kt-gutter-default kt-v-gutter-default kt-row-valign-top kt-row-layout-equal kt-tab-layout-inherit kt-m-colapse-left-to-right kt-mobile-layout-row\">\n<div class=\"wp-block-kadence-column inner-column-1 kadence-column_21b166-53\"><div class=\"kt-inside-inner-col\">\n<p style=\"font-size:10px;text-align:right\"><strong>NORCEP Constru\u00e7\u00f5es S.A.<\/strong><br>NIF\/Matriculada na C.R.C. Vila Real sob o n\u00ba 502300264<br>Capital Social 200.000 euros<br>Alvar\u00e1 n\u00ba 56917 \u2013 PUB   <\/p>\n<\/div><\/div>\n<\/div><\/div><\/div>\n","protected":false},"excerpt":{"rendered":"","protected":false},"author":1,"featured_media":0,"parent":0,"menu_order":0,"comment_status":"closed","ping_status":"closed","template":"","meta":{"kt_blocks_editor_width":""},"yoast_head":"<!-- This site is optimized with the Yoast SEO plugin v16.3 - https:\/\/yoast.com\/wordpress\/plugins\/seo\/ -->\n<title>Sobre N\u00f3s | NORCEP Constru\u00e7\u00f5es S.A.<\/title>\n<meta name=\"description\" content=\"Conhe\u00e7a a NORCEP Constru\u00e7\u00f5es S.A.!\" \/>\n<meta name=\"robots\" content=\"index, follow, max-snippet:-1, max-image-preview:large, max-video-preview:-1\" \/>\n<link rel=\"canonical\" href=\"http:\/\/www.norcep.pt\/pt\/apresentacao\/\" \/>\n<meta property=\"og:locale\" content=\"pt_PT\" \/>\n<meta property=\"og:type\" content=\"article\" \/>\n<meta property=\"og:title\" content=\"Sobre N\u00f3s | NORCEP Constru\u00e7\u00f5es S.A.\" \/>\n<meta property=\"og:description\" content=\"Conhe\u00e7a a NORCEP Constru\u00e7\u00f5es S.A.!\" \/>\n<meta property=\"og:url\" content=\"http:\/\/www.norcep.pt\/pt\/apresentacao\/\" \/>\n<meta property=\"og:site_name\" content=\"NORCEP Constru\u00e7\u00f5es S.A.\" \/>\n<meta property=\"article:publisher\" content=\"https:\/\/www.facebook.com\/NORCEPsa\/\" \/>\n<meta property=\"article:modified_time\" content=\"2020-04-27T08:57:06+00:00\" \/>\n<meta property=\"og:image\" content=\"http:\/\/www.norcep.pt\/pt\/wp-content\/uploads\/2019\/10\/ambicao-1024x366.png\" \/>\n<meta name=\"twitter:card\" content=\"summary_large_image\" \/>\n<meta name=\"twitter:label1\" content=\"Tempo estimado de leitura\">\n\t<meta name=\"twitter:data1\" content=\"1 minuto\">\n<script type=\"application\/ld+json\" class=\"yoast-schema-graph\">{\"@context\":\"https:\/\/schema.org\",\"@graph\":[{\"@type\":\"Organization\",\"@id\":\"http:\/\/www.norcep.pt\/pt\/#organization\",\"name\":\"NORCEP Constru\\u00e7\\u00f5es S.A.\",\"url\":\"http:\/\/www.norcep.pt\/pt\/\",\"sameAs\":[\"https:\/\/www.facebook.com\/NORCEPsa\/\"],\"logo\":{\"@type\":\"ImageObject\",\"@id\":\"http:\/\/www.norcep.pt\/pt\/#logo\",\"inLanguage\":\"pt-PT\",\"url\":\"http:\/\/www.norcep.pt\/pt\/wp-content\/uploads\/2019\/10\/NORCEP_LOGO_.png\",\"contentUrl\":\"http:\/\/www.norcep.pt\/pt\/wp-content\/uploads\/2019\/10\/NORCEP_LOGO_.png\",\"width\":302,\"height\":132,\"caption\":\"NORCEP Constru\\u00e7\\u00f5es S.A.\"},\"image\":{\"@id\":\"http:\/\/www.norcep.pt\/pt\/#logo\"}},{\"@type\":\"WebSite\",\"@id\":\"http:\/\/www.norcep.pt\/pt\/#website\",\"url\":\"http:\/\/www.norcep.pt\/pt\/\",\"name\":\"NORCEP Constru\\u00e7\\u00f5es S.A.\",\"description\":\"Somos a obra que fazemos!\",\"publisher\":{\"@id\":\"http:\/\/www.norcep.pt\/pt\/#organization\"},\"potentialAction\":[{\"@type\":\"SearchAction\",\"target\":\"http:\/\/www.norcep.pt\/pt\/?s={search_term_string}\",\"query-input\":\"required name=search_term_string\"}],\"inLanguage\":\"pt-PT\"},{\"@type\":\"ImageObject\",\"@id\":\"http:\/\/www.norcep.pt\/pt\/apresentacao\/#primaryimage\",\"inLanguage\":\"pt-PT\",\"url\":\"http:\/\/www.norcep.pt\/pt\/wp-content\/uploads\/2019\/10\/ambicao.png\",\"contentUrl\":\"http:\/\/www.norcep.pt\/pt\/wp-content\/uploads\/2019\/10\/ambicao.png\",\"width\":1024,\"height\":366},{\"@type\":\"WebPage\",\"@id\":\"http:\/\/www.norcep.pt\/pt\/apresentacao\/#webpage\",\"url\":\"http:\/\/www.norcep.pt\/pt\/apresentacao\/\",\"name\":\"Sobre N\\u00f3s | NORCEP Constru\\u00e7\\u00f5es S.A.\",\"isPartOf\":{\"@id\":\"http:\/\/www.norcep.pt\/pt\/#website\"},\"primaryImageOfPage\":{\"@id\":\"http:\/\/www.norcep.pt\/pt\/apresentacao\/#primaryimage\"},\"datePublished\":\"2019-10-28T17:32:04+00:00\",\"dateModified\":\"2020-04-27T08:57:06+00:00\",\"description\":\"Conhe\\u00e7a a NORCEP Constru\\u00e7\\u00f5es S.A.!\",\"breadcrumb\":{\"@id\":\"http:\/\/www.norcep.pt\/pt\/apresentacao\/#breadcrumb\"},\"inLanguage\":\"pt-PT\",\"potentialAction\":[{\"@type\":\"ReadAction\",\"target\":[\"http:\/\/www.norcep.pt\/pt\/apresentacao\/\"]}]},{\"@type\":\"BreadcrumbList\",\"@id\":\"http:\/\/www.norcep.pt\/pt\/apresentacao\/#breadcrumb\",\"itemListElement\":[{\"@type\":\"ListItem\",\"position\":1,\"item\":{\"@type\":\"WebPage\",\"@id\":\"http:\/\/www.norcep.pt\/pt\/\",\"url\":\"http:\/\/www.norcep.pt\/pt\/\",\"name\":\"In\\u00edcio\"}},{\"@type\":\"ListItem\",\"position\":2,\"item\":{\"@id\":\"http:\/\/www.norcep.pt\/pt\/apresentacao\/#webpage\"}}]}]}<\/script>\n<!-- \/ Yoast SEO plugin. -->","_links":{"self":[{"href":"http:\/\/www.norcep.pt\/pt\/wp-json\/wp\/v2\/pages\/909"}],"collection":[{"href":"http:\/\/www.norcep.pt\/pt\/wp-json\/wp\/v2\/pages"}],"about":[{"href":"http:\/\/www.norcep.pt\/pt\/wp-json\/wp\/v2\/types\/page"}],"author":[{"embeddable":true,"href":"http:\/\/www.norcep.pt\/pt\/wp-json\/wp\/v2\/users\/1"}],"replies":[{"embeddable":true,"href":"http:\/\/www.norcep.pt\/pt\/wp-json\/wp\/v2\/comments?post=909"}],"version-history":[{"count":44,"href":"http:\/\/www.norcep.pt\/pt\/wp-json\/wp\/v2\/pages\/909\/revisions"}],"predecessor-version":[{"id":1596,"href":"http:\/\/www.norcep.pt\/pt\/wp-json\/wp\/v2\/pages\/909\/revisions\/1596"}],"wp:attachment":[{"href":"http:\/\/www.norcep.pt\/pt\/wp-json\/wp\/v2\/media?parent=909"}],"curies":[{"name":"wp","href":"https:\/\/api.w.org\/{rel}","templated":true}]}}