{"id":916,"date":"2019-10-28T17:35:22","date_gmt":"2019-10-28T17:35:22","guid":{"rendered":"http:\/\/www.norcep.pt\/pt\/?page_id=916"},"modified":"2019-10-31T15:31:49","modified_gmt":"2019-10-31T15:31:49","slug":"indicadores-economicos","status":"publish","type":"page","link":"http:\/\/www.norcep.pt\/pt\/indicadores-economicos\/","title":{"rendered":"Indicadores Econ\u00f3micos"},"content":{"rendered":"<style id=\"kt-blocks_937102-b0\">#kt-layout-id_937102-b0 > .kt-row-column-wrap{padding-left:50px;padding-right:50px;}<\/style>\n<div class=\"wp-block-kadence-rowlayout alignnone\"><div id=\"kt-layout-id_937102-b0\" class=\"kt-row-layout-inner  kt-layout-id_937102-b0\"><div class=\"kt-row-column-wrap kt-has-1-columns kt-gutter-default kt-v-gutter-default kt-row-valign-top kt-row-layout-equal kt-tab-layout-inherit kt-m-colapse-left-to-right kt-mobile-layout-row\">\n<div class=\"wp-block-kadence-column inner-column-1 kadence-column_a118c7-10\"><div class=\"kt-inside-inner-col\">\n<div class=\"wp-block-kadence-spacer aligncenter kt-block-spacer-_20e3d4-6b\"><div class=\"kt-block-spacer kt-block-spacer-halign-center\" style=\"height:20px\"><hr class=\"kt-divider\" style=\"border-top-color:rgba(68, 68, 68, 0.50);border-top-width:1px;width:80%;border-top-style:solid\"\/><\/div><\/div>\n\n\n<style id=\"kt-blocks_68fcae-f2\">#kt-layout-id_68fcae-f2 > .kt-row-column-wrap{padding-top:0px;padding-bottom:0px;}<\/style>\n<div class=\"wp-block-kadence-rowlayout alignnone\"><div id=\"kt-layout-id_68fcae-f2\" class=\"kt-row-layout-inner  kt-layout-id_68fcae-f2\"><div class=\"kt-row-column-wrap kt-has-1-columns kt-gutter-default kt-v-gutter-default kt-row-valign-top kt-row-layout-equal kt-tab-layout-inherit kt-m-colapse-left-to-right kt-mobile-layout-row\">\n<div class=\"wp-block-kadence-column inner-column-1 kadence-column_c53c1f-d9\"><div class=\"kt-inside-inner-col\">\n<figure class=\"wp-block-image\"><img loading=\"lazy\" width=\"1024\" height=\"366\" src=\"http:\/\/www.norcep.pt\/pt\/wp-content\/uploads\/2019\/10\/solidez-1024x366.png\" alt=\"\" class=\"wp-image-1324\" srcset=\"http:\/\/www.norcep.pt\/pt\/wp-content\/uploads\/2019\/10\/solidez.png 1024w, http:\/\/www.norcep.pt\/pt\/wp-content\/uploads\/2019\/10\/solidez-300x107.png 300w, http:\/\/www.norcep.pt\/pt\/wp-content\/uploads\/2019\/10\/solidez-768x275.png 768w\" sizes=\"(max-width: 1024px) 100vw, 1024px\" \/><\/figure>\n\n\n\n<h5 id=\"kt-adv-heading_39c651-f2\" class=\"kt-adv-heading_39c651-f2 wp-block-kadence-advancedheading\">\n\nA NORCEP Constru\u00e7\u00f5es S.A. tem vindo, nos \u00faltimos anos, de forma cont\u00ednua e sustentada, a apresentar um gradual aumento do volume de neg\u00f3cios, fruto da sua estrat\u00e9gia de crescimento. \n\n<\/h5>\n<\/div><\/div>\n<\/div><\/div><\/div>\n\n\n<style id=\"kt-blocks_251c24-81\">@media all and (min-width: 768px){#kt-layout-id_251c24-81 > .kt-row-column-wrap > .inner-column-1{flex:0 1 55%;-webkit-flex:0 1 55%;}#kt-layout-id_251c24-81 > .kt-row-column-wrap > .inner-column-2{flex:0 1 45%;-webkit-flex:0 1 45%;}}#kt-layout-id_251c24-81 > .kt-row-column-wrap{padding-bottom:0px;}<\/style>\n<div class=\"wp-block-kadence-rowlayout alignnone\"><div id=\"kt-layout-id_251c24-81\" class=\"kt-row-layout-inner  kt-layout-id_251c24-81\"><div class=\"kt-row-column-wrap kt-has-2-columns kt-gutter-default kt-v-gutter-default kt-row-valign-top kt-row-layout-equal kt-tab-layout-inherit kt-m-colapse-left-to-right kt-mobile-layout-row kt-custom-first-width-55 kt-custom-second-width-45\">\n<div class=\"wp-block-kadence-column inner-column-1 kadence-column_c3b832-3e\"><div class=\"kt-inside-inner-col\"><style id=\"kt-blocks_0a5c94-6e\">#kt-adv-heading_0a5c94-6e, #kt-adv-heading_0a5c94-6e .wp-block-kadence-advancedheading, .wp-block-kadence-advancedheading.kt-adv-heading_0a5c94-6e[data-kb-block=\"kb-adv-heading_0a5c94-6e\"], .kadence-advanced-heading-wrapper .kt-adv-heading_0a5c94-6e[data-kb-block=\"kb-adv-heading_0a5c94-6e\"]{text-align:center;}<\/style>\n<h5 id=\"kt-adv-heading_0a5c94-6e\" class=\"kt-adv-heading_0a5c94-6e wp-block-kadence-advancedheading\" style=\"text-align:center\">Volume de neg\u00f3cios (2013-2018)<\/h5>\n\n\n\n<figure class=\"wp-block-image\"><img loading=\"lazy\" width=\"951\" height=\"614\" src=\"http:\/\/www.norcep.pt\/pt\/wp-content\/uploads\/2019\/10\/indic_2019.png\" alt=\"\" class=\"wp-image-1097\" srcset=\"http:\/\/www.norcep.pt\/pt\/wp-content\/uploads\/2019\/10\/indic_2019.png 951w, http:\/\/www.norcep.pt\/pt\/wp-content\/uploads\/2019\/10\/indic_2019-300x194.png 300w, http:\/\/www.norcep.pt\/pt\/wp-content\/uploads\/2019\/10\/indic_2019-768x496.png 768w\" sizes=\"(max-width: 951px) 100vw, 951px\" \/><\/figure>\n<\/div><\/div>\n\n\n\n<div class=\"wp-block-kadence-column inner-column-2 kadence-column_dc646a-24\"><div class=\"kt-inside-inner-col\"><style id=\"kt-blocks_06b446-ca\">#kt-adv-heading_06b446-ca, #kt-adv-heading_06b446-ca .wp-block-kadence-advancedheading, .wp-block-kadence-advancedheading.kt-adv-heading_06b446-ca[data-kb-block=\"kb-adv-heading_06b446-ca\"], .kadence-advanced-heading-wrapper .kt-adv-heading_06b446-ca[data-kb-block=\"kb-adv-heading_06b446-ca\"]{text-align:center;}<\/style>\n<h5 id=\"kt-adv-heading_06b446-ca\" class=\"kt-adv-heading_06b446-ca wp-block-kadence-advancedheading\" style=\"text-align:center\"> Volume de neg\u00f3cios por \u00e1rea de atua\u00e7\u00e3o (2018)<\/h5>\n\n\n\n<div class=\"wp-block-kadence-spacer aligncenter kt-block-spacer-_ef6533-17\"><div class=\"kt-block-spacer kt-block-spacer-halign-center\" style=\"height:20px\"><hr class=\"kt-divider\" style=\"border-top-color:rgba(238, 238, 238, 1);border-top-width:1px;width:80%;border-top-style:solid\"\/><\/div><\/div>\n\n\n\n<div class=\"wp-block-image\"><figure class=\"aligncenter is-resized\"><img src=\"http:\/\/www.norcep.pt\/pt\/wp-content\/uploads\/2019\/10\/Perfil_empreitadas_2.png\" alt=\"\" class=\"wp-image-1326\" width=\"290\" srcset=\"http:\/\/www.norcep.pt\/pt\/wp-content\/uploads\/2019\/10\/Perfil_empreitadas_2.png 546w, http:\/\/www.norcep.pt\/pt\/wp-content\/uploads\/2019\/10\/Perfil_empreitadas_2-300x296.png 300w, http:\/\/www.norcep.pt\/pt\/wp-content\/uploads\/2019\/10\/Perfil_empreitadas_2-60x60.png 60w\" sizes=\"(max-width: 546px) 100vw, 546px\" \/><\/figure><\/div>\n<\/div><\/div>\n<\/div><\/div><\/div>\n\n\n\n<div class=\"wp-block-kadence-spacer aligncenter kt-block-spacer-_6ea9a3-25\"><div class=\"kt-block-spacer kt-block-spacer-halign-center\" style=\"height:20px\"><hr class=\"kt-divider\" style=\"border-top-color:rgba(68, 68, 68, 0.50);border-top-width:1px;width:80%;border-top-style:solid\"\/><\/div><\/div>\n\n\n\n<div class=\"wp-block-kadence-rowlayout alignnone\"><div id=\"kt-layout-id_6bcb3c-3d\" class=\"kt-row-layout-inner  kt-layout-id_6bcb3c-3d\"><div class=\"kt-row-column-wrap kt-has-2-columns kt-gutter-default kt-v-gutter-default kt-row-valign-top kt-row-layout-equal kt-tab-layout-inherit kt-m-colapse-left-to-right kt-mobile-layout-row\">\n<div class=\"wp-block-kadence-column inner-column-1 kadence-column_78dc11-99\"><div class=\"kt-inside-inner-col\">\n<h5 style=\"text-align:center\"><\/h5>\n\n\n\n<p><\/p>\n<\/div><\/div>\n\n\n\n<div class=\"wp-block-kadence-column inner-column-2 kadence-column_ac03ed-49\"><div class=\"kt-inside-inner-col\">\n<p><\/p>\n<\/div><\/div>\n<\/div><\/div><\/div>\n\n\n<style id=\"kt-blocks_a0bea0-ea\">#kt-layout-id_a0bea0-ea > .kt-row-column-wrap{padding-left:60px;padding-right:60px;}<\/style>\n<div class=\"wp-block-kadence-rowlayout alignnone\"><div id=\"kt-layout-id_a0bea0-ea\" class=\"kt-row-layout-inner  kt-layout-id_a0bea0-ea\"><div class=\"kt-row-column-wrap kt-has-2-columns kt-gutter-default kt-v-gutter-default kt-row-valign-top kt-row-layout-equal kt-tab-layout-inherit kt-m-colapse-left-to-right kt-mobile-layout-row\">\n<div class=\"wp-block-kadence-column inner-column-1 kadence-column_5f706f-26\"><div class=\"kt-inside-inner-col\">\n<p><\/p>\n<\/div><\/div>\n\n\n\n<div class=\"wp-block-kadence-column inner-column-2 kadence-column_be60e5-41\"><div class=\"kt-inside-inner-col\"><style id=\"kt-blocks_e5f55b-c3\">#kt-adv-heading_e5f55b-c3, #kt-adv-heading_e5f55b-c3 .wp-block-kadence-advancedheading, .wp-block-kadence-advancedheading.kt-adv-heading_e5f55b-c3[data-kb-block=\"kb-adv-heading_e5f55b-c3\"], .kadence-advanced-heading-wrapper .kt-adv-heading_e5f55b-c3[data-kb-block=\"kb-adv-heading_e5f55b-c3\"]{text-align:center;}<\/style>\n<h5 id=\"kt-adv-heading_e5f55b-c3\" class=\"kt-adv-heading_e5f55b-c3 wp-block-kadence-advancedheading\" style=\"text-align:center\"><\/h5>\n<\/div><\/div>\n<\/div><\/div><\/div>\n<\/div><\/div>\n<\/div><\/div><\/div>\n\n\n\n<p><\/p>\n","protected":false},"excerpt":{"rendered":"","protected":false},"author":1,"featured_media":0,"parent":0,"menu_order":0,"comment_status":"closed","ping_status":"closed","template":"","meta":{"kt_blocks_editor_width":""},"yoast_head":"<!-- This site is optimized with the Yoast SEO plugin v16.3 - https:\/\/yoast.com\/wordpress\/plugins\/seo\/ -->\n<title>Indicadores Econ\u00f3micos | NORCEP Constru\u00e7\u00f5es S.A.<\/title>\n<meta name=\"description\" content=\"Os nossos indicadores econ\u00f3micos!\" \/>\n<meta name=\"robots\" content=\"index, follow, max-snippet:-1, max-image-preview:large, max-video-preview:-1\" \/>\n<link rel=\"canonical\" href=\"http:\/\/www.norcep.pt\/pt\/indicadores-economicos\/\" \/>\n<meta property=\"og:locale\" content=\"pt_PT\" \/>\n<meta property=\"og:type\" content=\"article\" \/>\n<meta property=\"og:title\" content=\"Indicadores Econ\u00f3micos | NORCEP Constru\u00e7\u00f5es S.A.\" \/>\n<meta property=\"og:description\" content=\"Os nossos indicadores econ\u00f3micos!\" \/>\n<meta property=\"og:url\" content=\"http:\/\/www.norcep.pt\/pt\/indicadores-economicos\/\" \/>\n<meta property=\"og:site_name\" content=\"NORCEP Constru\u00e7\u00f5es S.A.\" \/>\n<meta property=\"article:publisher\" content=\"https:\/\/www.facebook.com\/NORCEPsa\/\" \/>\n<meta property=\"article:modified_time\" content=\"2019-10-31T15:31:49+00:00\" \/>\n<meta property=\"og:image\" content=\"http:\/\/www.norcep.pt\/pt\/wp-content\/uploads\/2019\/10\/solidez-1024x366.png\" \/>\n<meta name=\"twitter:card\" content=\"summary_large_image\" \/>\n<script type=\"application\/ld+json\" class=\"yoast-schema-graph\">{\"@context\":\"https:\/\/schema.org\",\"@graph\":[{\"@type\":\"Organization\",\"@id\":\"http:\/\/www.norcep.pt\/pt\/#organization\",\"name\":\"NORCEP Constru\\u00e7\\u00f5es S.A.\",\"url\":\"http:\/\/www.norcep.pt\/pt\/\",\"sameAs\":[\"https:\/\/www.facebook.com\/NORCEPsa\/\"],\"logo\":{\"@type\":\"ImageObject\",\"@id\":\"http:\/\/www.norcep.pt\/pt\/#logo\",\"inLanguage\":\"pt-PT\",\"url\":\"http:\/\/www.norcep.pt\/pt\/wp-content\/uploads\/2019\/10\/NORCEP_LOGO_.png\",\"contentUrl\":\"http:\/\/www.norcep.pt\/pt\/wp-content\/uploads\/2019\/10\/NORCEP_LOGO_.png\",\"width\":302,\"height\":132,\"caption\":\"NORCEP Constru\\u00e7\\u00f5es S.A.\"},\"image\":{\"@id\":\"http:\/\/www.norcep.pt\/pt\/#logo\"}},{\"@type\":\"WebSite\",\"@id\":\"http:\/\/www.norcep.pt\/pt\/#website\",\"url\":\"http:\/\/www.norcep.pt\/pt\/\",\"name\":\"NORCEP Constru\\u00e7\\u00f5es S.A.\",\"description\":\"Somos a obra que fazemos!\",\"publisher\":{\"@id\":\"http:\/\/www.norcep.pt\/pt\/#organization\"},\"potentialAction\":[{\"@type\":\"SearchAction\",\"target\":\"http:\/\/www.norcep.pt\/pt\/?s={search_term_string}\",\"query-input\":\"required name=search_term_string\"}],\"inLanguage\":\"pt-PT\"},{\"@type\":\"ImageObject\",\"@id\":\"http:\/\/www.norcep.pt\/pt\/indicadores-economicos\/#primaryimage\",\"inLanguage\":\"pt-PT\",\"url\":\"http:\/\/www.norcep.pt\/pt\/wp-content\/uploads\/2019\/10\/solidez.png\",\"contentUrl\":\"http:\/\/www.norcep.pt\/pt\/wp-content\/uploads\/2019\/10\/solidez.png\",\"width\":1024,\"height\":366},{\"@type\":\"WebPage\",\"@id\":\"http:\/\/www.norcep.pt\/pt\/indicadores-economicos\/#webpage\",\"url\":\"http:\/\/www.norcep.pt\/pt\/indicadores-economicos\/\",\"name\":\"Indicadores Econ\\u00f3micos | NORCEP Constru\\u00e7\\u00f5es S.A.\",\"isPartOf\":{\"@id\":\"http:\/\/www.norcep.pt\/pt\/#website\"},\"primaryImageOfPage\":{\"@id\":\"http:\/\/www.norcep.pt\/pt\/indicadores-economicos\/#primaryimage\"},\"datePublished\":\"2019-10-28T17:35:22+00:00\",\"dateModified\":\"2019-10-31T15:31:49+00:00\",\"description\":\"Os nossos indicadores econ\\u00f3micos!\",\"breadcrumb\":{\"@id\":\"http:\/\/www.norcep.pt\/pt\/indicadores-economicos\/#breadcrumb\"},\"inLanguage\":\"pt-PT\",\"potentialAction\":[{\"@type\":\"ReadAction\",\"target\":[\"http:\/\/www.norcep.pt\/pt\/indicadores-economicos\/\"]}]},{\"@type\":\"BreadcrumbList\",\"@id\":\"http:\/\/www.norcep.pt\/pt\/indicadores-economicos\/#breadcrumb\",\"itemListElement\":[{\"@type\":\"ListItem\",\"position\":1,\"item\":{\"@type\":\"WebPage\",\"@id\":\"http:\/\/www.norcep.pt\/pt\/\",\"url\":\"http:\/\/www.norcep.pt\/pt\/\",\"name\":\"In\\u00edcio\"}},{\"@type\":\"ListItem\",\"position\":2,\"item\":{\"@id\":\"http:\/\/www.norcep.pt\/pt\/indicadores-economicos\/#webpage\"}}]}]}<\/script>\n<!-- \/ Yoast SEO plugin. -->","_links":{"self":[{"href":"http:\/\/www.norcep.pt\/pt\/wp-json\/wp\/v2\/pages\/916"}],"collection":[{"href":"http:\/\/www.norcep.pt\/pt\/wp-json\/wp\/v2\/pages"}],"about":[{"href":"http:\/\/www.norcep.pt\/pt\/wp-json\/wp\/v2\/types\/page"}],"author":[{"embeddable":true,"href":"http:\/\/www.norcep.pt\/pt\/wp-json\/wp\/v2\/users\/1"}],"replies":[{"embeddable":true,"href":"http:\/\/www.norcep.pt\/pt\/wp-json\/wp\/v2\/comments?post=916"}],"version-history":[{"count":80,"href":"http:\/\/www.norcep.pt\/pt\/wp-json\/wp\/v2\/pages\/916\/revisions"}],"predecessor-version":[{"id":1332,"href":"http:\/\/www.norcep.pt\/pt\/wp-json\/wp\/v2\/pages\/916\/revisions\/1332"}],"wp:attachment":[{"href":"http:\/\/www.norcep.pt\/pt\/wp-json\/wp\/v2\/media?parent=916"}],"curies":[{"name":"wp","href":"https:\/\/api.w.org\/{rel}","templated":true}]}}