{"id":926,"date":"2019-10-28T17:39:48","date_gmt":"2019-10-28T17:39:48","guid":{"rendered":"http:\/\/www.norcep.pt\/pt\/?page_id=926"},"modified":"2019-10-31T16:23:46","modified_gmt":"2019-10-31T16:23:46","slug":"qualidade-ambiente-e-seguranca","status":"publish","type":"page","link":"http:\/\/www.norcep.pt\/pt\/qualidade-ambiente-e-seguranca\/","title":{"rendered":"Qualidade, Ambiente e Seguran\u00e7a"},"content":{"rendered":"\n<div class=\"wp-block-image\"><figure class=\"aligncenter\"><img loading=\"lazy\" width=\"1024\" height=\"249\" src=\"http:\/\/www.norcep.pt\/pt\/wp-content\/uploads\/2019\/10\/QAS-1024x249.jpg\" alt=\"\" class=\"wp-image-938\" srcset=\"http:\/\/www.norcep.pt\/pt\/wp-content\/uploads\/2019\/10\/QAS-1024x249.jpg 1024w, http:\/\/www.norcep.pt\/pt\/wp-content\/uploads\/2019\/10\/QAS-300x73.jpg 300w, http:\/\/www.norcep.pt\/pt\/wp-content\/uploads\/2019\/10\/QAS-768x187.jpg 768w, http:\/\/www.norcep.pt\/pt\/wp-content\/uploads\/2019\/10\/QAS.jpg 1400w\" sizes=\"(max-width: 1024px) 100vw, 1024px\" \/><\/figure><\/div>\n\n\n\n<div class=\"wp-block-kadence-spacer aligncenter kt-block-spacer-_34863e-4e\"><div class=\"kt-block-spacer kt-block-spacer-halign-center\" style=\"height:20px\"><hr class=\"kt-divider\" style=\"border-top-color:rgba(68, 68, 68, 0.50);border-top-width:1px;width:80%;border-top-style:solid\"\/><\/div><\/div>\n\n\n<style id=\"kt-blocks_cd91d0-41\">#kt-layout-id_cd91d0-41 > .kt-row-column-wrap{padding-left:55px;padding-right:60px;}<\/style>\n<div class=\"wp-block-kadence-rowlayout alignnone\"><div id=\"kt-layout-id_cd91d0-41\" class=\"kt-row-layout-inner  kt-layout-id_cd91d0-41\"><div class=\"kt-row-column-wrap kt-has-2-columns kt-gutter-default kt-v-gutter-default kt-row-valign-top kt-row-layout-row kt-tab-layout-inherit kt-m-colapse-left-to-right kt-mobile-layout-row\">\n<div class=\"wp-block-kadence-column inner-column-1 kadence-column_1cbcc3-bf\"><div class=\"kt-inside-inner-col\">\n<p>A <strong>NORCEP Constru\u00e7\u00f5es<\/strong> atrav\u00e9s do trabalho desenvolvido, alcan\u00e7ou uma posi\u00e7\u00e3o de excel\u00eancia no mercado que pretende manter e melhorar.<\/p>\n\n\n\n<p>Para\ngarantir o seu Sistema de Gest\u00e3o da Qualidade, Seguran\u00e7a e Ambiente e atingir a\nmelhoria cont\u00ednua no seu desempenho, a empresa tem como base os seguintes princ\u00edpios:<\/p>\n\n\n\n<ul><li>Fomentar a sistematiza\u00e7\u00e3o da\n     organiza\u00e7\u00e3o no sentido de assegurar a funcionalidade e otimiza\u00e7\u00e3o dos seus\n     recursos humanos, equipamentos e materiais;<\/li><li>Assegurar a satisfa\u00e7\u00e3o dos seus\n     clientes e outras partes interessadas, assumindo o compromisso de cumprir\n     os requisitos legais e contratuais aplic\u00e1veis no \u00e2mbito da qualidade,\n     seguran\u00e7a e ambiente;<\/li><li>Consolidar o seu volume de\n     neg\u00f3cios e garantir a sustentabilidade da organiza\u00e7\u00e3o;<\/li><li>Assegurar forma\u00e7\u00e3o t\u00e9cnica\n     cont\u00ednua aos seus colaboradores, de forma a garantir um adequado\n     desempenho na execu\u00e7\u00e3o das suas fun\u00e7\u00f5es e o acompanhamento das novas\n     tecnologias;<\/li><li>Analisar permanentemente as\n     condi\u00e7\u00f5es de trabalho, avaliando e controlando os riscos das atividades\n     envolvidas, assegurando a preven\u00e7\u00e3o da sa\u00fade e a ocorr\u00eancia de les\u00f5es nos\n     colaboradores e outras partes interessadas;<\/li><li>Diminuir o consumo de recursos\n     e a produ\u00e7\u00e3o de res\u00edduos, utilizando, sempre que vi\u00e1vel, processos,\n     materiais e tecnologias que minimizem a polui\u00e7\u00e3o e os impactos adversos no\n     ambiente.<\/li><\/ul>\n<\/div><\/div>\n\n\n\n<div class=\"wp-block-kadence-column inner-column-2 kadence-column_e6f007-25\"><div class=\"kt-inside-inner-col\">\n<p><\/p>\n<\/div><\/div>\n<\/div><\/div><\/div>\n","protected":false},"excerpt":{"rendered":"","protected":false},"author":1,"featured_media":0,"parent":0,"menu_order":0,"comment_status":"closed","ping_status":"closed","template":"","meta":{"kt_blocks_editor_width":""},"yoast_head":"<!-- This site is optimized with the Yoast SEO plugin v16.3 - https:\/\/yoast.com\/wordpress\/plugins\/seo\/ -->\n<title>Qualidade, Ambiente e Seguran\u00e7a | NORCEP Constru\u00e7\u00f5es S.A.<\/title>\n<meta name=\"robots\" content=\"index, follow, max-snippet:-1, max-image-preview:large, max-video-preview:-1\" \/>\n<link rel=\"canonical\" href=\"http:\/\/www.norcep.pt\/pt\/qualidade-ambiente-e-seguranca\/\" \/>\n<meta property=\"og:locale\" content=\"pt_PT\" \/>\n<meta property=\"og:type\" content=\"article\" \/>\n<meta property=\"og:title\" content=\"Qualidade, Ambiente e Seguran\u00e7a | NORCEP Constru\u00e7\u00f5es S.A.\" \/>\n<meta property=\"og:url\" content=\"http:\/\/www.norcep.pt\/pt\/qualidade-ambiente-e-seguranca\/\" \/>\n<meta property=\"og:site_name\" content=\"NORCEP Constru\u00e7\u00f5es S.A.\" \/>\n<meta property=\"article:publisher\" content=\"https:\/\/www.facebook.com\/NORCEPsa\/\" \/>\n<meta property=\"article:modified_time\" content=\"2019-10-31T16:23:46+00:00\" \/>\n<meta property=\"og:image\" content=\"http:\/\/www.norcep.pt\/pt\/wp-content\/uploads\/2019\/10\/QAS-1024x249.jpg\" \/>\n<meta name=\"twitter:card\" content=\"summary_large_image\" \/>\n<meta name=\"twitter:label1\" content=\"Tempo estimado de leitura\">\n\t<meta name=\"twitter:data1\" content=\"1 minuto\">\n<script type=\"application\/ld+json\" class=\"yoast-schema-graph\">{\"@context\":\"https:\/\/schema.org\",\"@graph\":[{\"@type\":\"Organization\",\"@id\":\"http:\/\/www.norcep.pt\/pt\/#organization\",\"name\":\"NORCEP Constru\\u00e7\\u00f5es S.A.\",\"url\":\"http:\/\/www.norcep.pt\/pt\/\",\"sameAs\":[\"https:\/\/www.facebook.com\/NORCEPsa\/\"],\"logo\":{\"@type\":\"ImageObject\",\"@id\":\"http:\/\/www.norcep.pt\/pt\/#logo\",\"inLanguage\":\"pt-PT\",\"url\":\"http:\/\/www.norcep.pt\/pt\/wp-content\/uploads\/2019\/10\/NORCEP_LOGO_.png\",\"contentUrl\":\"http:\/\/www.norcep.pt\/pt\/wp-content\/uploads\/2019\/10\/NORCEP_LOGO_.png\",\"width\":302,\"height\":132,\"caption\":\"NORCEP Constru\\u00e7\\u00f5es S.A.\"},\"image\":{\"@id\":\"http:\/\/www.norcep.pt\/pt\/#logo\"}},{\"@type\":\"WebSite\",\"@id\":\"http:\/\/www.norcep.pt\/pt\/#website\",\"url\":\"http:\/\/www.norcep.pt\/pt\/\",\"name\":\"NORCEP Constru\\u00e7\\u00f5es S.A.\",\"description\":\"Somos a obra que fazemos!\",\"publisher\":{\"@id\":\"http:\/\/www.norcep.pt\/pt\/#organization\"},\"potentialAction\":[{\"@type\":\"SearchAction\",\"target\":\"http:\/\/www.norcep.pt\/pt\/?s={search_term_string}\",\"query-input\":\"required name=search_term_string\"}],\"inLanguage\":\"pt-PT\"},{\"@type\":\"ImageObject\",\"@id\":\"http:\/\/www.norcep.pt\/pt\/qualidade-ambiente-e-seguranca\/#primaryimage\",\"inLanguage\":\"pt-PT\",\"url\":\"http:\/\/www.norcep.pt\/pt\/wp-content\/uploads\/2019\/10\/QAS.jpg\",\"contentUrl\":\"http:\/\/www.norcep.pt\/pt\/wp-content\/uploads\/2019\/10\/QAS.jpg\",\"width\":1400,\"height\":340},{\"@type\":\"WebPage\",\"@id\":\"http:\/\/www.norcep.pt\/pt\/qualidade-ambiente-e-seguranca\/#webpage\",\"url\":\"http:\/\/www.norcep.pt\/pt\/qualidade-ambiente-e-seguranca\/\",\"name\":\"Qualidade, Ambiente e Seguran\\u00e7a | NORCEP Constru\\u00e7\\u00f5es S.A.\",\"isPartOf\":{\"@id\":\"http:\/\/www.norcep.pt\/pt\/#website\"},\"primaryImageOfPage\":{\"@id\":\"http:\/\/www.norcep.pt\/pt\/qualidade-ambiente-e-seguranca\/#primaryimage\"},\"datePublished\":\"2019-10-28T17:39:48+00:00\",\"dateModified\":\"2019-10-31T16:23:46+00:00\",\"breadcrumb\":{\"@id\":\"http:\/\/www.norcep.pt\/pt\/qualidade-ambiente-e-seguranca\/#breadcrumb\"},\"inLanguage\":\"pt-PT\",\"potentialAction\":[{\"@type\":\"ReadAction\",\"target\":[\"http:\/\/www.norcep.pt\/pt\/qualidade-ambiente-e-seguranca\/\"]}]},{\"@type\":\"BreadcrumbList\",\"@id\":\"http:\/\/www.norcep.pt\/pt\/qualidade-ambiente-e-seguranca\/#breadcrumb\",\"itemListElement\":[{\"@type\":\"ListItem\",\"position\":1,\"item\":{\"@type\":\"WebPage\",\"@id\":\"http:\/\/www.norcep.pt\/pt\/\",\"url\":\"http:\/\/www.norcep.pt\/pt\/\",\"name\":\"In\\u00edcio\"}},{\"@type\":\"ListItem\",\"position\":2,\"item\":{\"@id\":\"http:\/\/www.norcep.pt\/pt\/qualidade-ambiente-e-seguranca\/#webpage\"}}]}]}<\/script>\n<!-- \/ Yoast SEO plugin. -->","_links":{"self":[{"href":"http:\/\/www.norcep.pt\/pt\/wp-json\/wp\/v2\/pages\/926"}],"collection":[{"href":"http:\/\/www.norcep.pt\/pt\/wp-json\/wp\/v2\/pages"}],"about":[{"href":"http:\/\/www.norcep.pt\/pt\/wp-json\/wp\/v2\/types\/page"}],"author":[{"embeddable":true,"href":"http:\/\/www.norcep.pt\/pt\/wp-json\/wp\/v2\/users\/1"}],"replies":[{"embeddable":true,"href":"http:\/\/www.norcep.pt\/pt\/wp-json\/wp\/v2\/comments?post=926"}],"version-history":[{"count":17,"href":"http:\/\/www.norcep.pt\/pt\/wp-json\/wp\/v2\/pages\/926\/revisions"}],"predecessor-version":[{"id":1339,"href":"http:\/\/www.norcep.pt\/pt\/wp-json\/wp\/v2\/pages\/926\/revisions\/1339"}],"wp:attachment":[{"href":"http:\/\/www.norcep.pt\/pt\/wp-json\/wp\/v2\/media?parent=926"}],"curies":[{"name":"wp","href":"https:\/\/api.w.org\/{rel}","templated":true}]}}