{"id":991,"date":"2019-10-28T18:17:21","date_gmt":"2019-10-28T18:17:21","guid":{"rendered":"http:\/\/www.norcep.pt\/pt\/?page_id=991"},"modified":"2021-04-14T14:25:31","modified_gmt":"2021-04-14T14:25:31","slug":"os-nossos-valores","status":"publish","type":"page","link":"http:\/\/www.norcep.pt\/pt\/os-nossos-valores\/","title":{"rendered":"Os nossos valores"},"content":{"rendered":"<style id=\"kt-blocks_95a008-ba\">#kt-layout-id_95a008-ba > .kt-row-column-wrap{padding-left:50px;padding-right:50px;}<\/style>\n<div class=\"wp-block-kadence-rowlayout aligncenter\"><div id=\"kt-layout-id_95a008-ba\" class=\"kt-row-layout-inner  kt-layout-id_95a008-ba\"><div class=\"kt-row-column-wrap kt-has-2-columns kt-gutter-default kt-v-gutter-default kt-row-valign-top kt-row-layout-row kt-tab-layout-inherit kt-m-colapse-left-to-right kt-mobile-layout-row\">\n<div class=\"wp-block-kadence-column inner-column-1 kadence-column_c984a4-4b\"><div class=\"kt-inside-inner-col\"><style id=\"kt-blocks_d843fb-c8\">.kt-accordion-id_d843fb-c8 .kt-accordion-panel-inner {border-width:0px 0px 0px 0px;}.kt-accordion-id_d843fb-c8 .wp-block-kadence-pane .kt-accordion-header-wrap .kt-blocks-accordion-header {color:#fff;background:#444;border-color:#fff #fff #fff #fff;font-size:18px;line-height:24px;border-radius:0px 0px 0px 0px;border-width:0px 0px 0px 0px;padding-top:10px;padding-right:14px;padding-bottom:10px;padding-left:14px;}.kt-accordion-id_d843fb-c8 .kt-blocks-accordion-header .kt-btn-svg-icon svg {width:18px;height:18px;}.kt-accordion-id_d843fb-c8:not( .kt-accodion-icon-style-basiccircle ):not( .kt-accodion-icon-style-xclosecircle ):not( .kt-accodion-icon-style-arrowcircle ) .kt-blocks-accordion-icon-trigger:after, .kt-accordion-id_d843fb-c8:not( .kt-accodion-icon-style-basiccircle ):not( .kt-accodion-icon-style-xclosecircle ):not( .kt-accodion-icon-style-arrowcircle ) .kt-blocks-accordion-icon-trigger:before {background:#fff;}.kt-accordion-id_d843fb-c8:not( .kt-accodion-icon-style-basic ):not( .kt-accodion-icon-style-xclose ):not( .kt-accodion-icon-style-arrow ) .kt-blocks-accordion-icon-trigger {background:#fff;}.kt-accordion-id_d843fb-c8:not( .kt-accodion-icon-style-basic ):not( .kt-accodion-icon-style-xclose ):not( .kt-accodion-icon-style-arrow ) .kt-blocks-accordion-icon-trigger:after, .kt-accordion-id_d843fb-c8:not( .kt-accodion-icon-style-basic ):not( .kt-accodion-icon-style-xclose ):not( .kt-accodion-icon-style-arrow ) .kt-blocks-accordion-icon-trigger:before {background:#444;}.kt-accordion-id_d843fb-c8 .kt-accordion-header-wrap .kt-blocks-accordion-header:hover, .kt-accordion-id_d843fb-c8 .kt-accordion-header-wrap .kt-blocks-accordion-header:focus {color:#fff;background:#a00000;border-color:#a00000 #a00000 #a00000 #a00000;}.kt-accordion-id_d843fb-c8:not( .kt-accodion-icon-style-basiccircle ):not( .kt-accodion-icon-style-xclosecircle ):not( .kt-accodion-icon-style-arrowcircle ) .kt-blocks-accordion-header:hover .kt-blocks-accordion-icon-trigger:after, .kt-accordion-id_d843fb-c8:not( .kt-accodion-icon-style-basiccircle ):not( .kt-accodion-icon-style-xclosecircle ):not( .kt-accodion-icon-style-arrowcircle ) .kt-blocks-accordion-header:hover .kt-blocks-accordion-icon-trigger:before, .kt-accordion-id_d843fb-c8:not( .kt-accodion-icon-style-basiccircle ):not( .kt-accodion-icon-style-xclosecircle ):not( .kt-accodion-icon-style-arrowcircle ) .kt-blocks-accordion-header:focus .kt-blocks-accordion-icon-trigger:after, .kt-accordion-id_d843fb-c8:not( .kt-accodion-icon-style-basiccircle ):not( .kt-accodion-icon-style-xclosecircle ):not( .kt-accodion-icon-style-arrowcircle ) .kt-blocks-accordion-header:focus .kt-blocks-accordion-icon-trigger:before {background:#fff;}.kt-accordion-id_d843fb-c8:not( .kt-accodion-icon-style-basic ):not( .kt-accodion-icon-style-xclose ):not( .kt-accodion-icon-style-arrow ) .kt-blocks-accordion-header:hover .kt-blocks-accordion-icon-trigger, .kt-accordion-id_d843fb-c8:not( .kt-accodion-icon-style-basic ):not( .kt-accodion-icon-style-xclose ):not( .kt-accodion-icon-style-arrow ) .kt-blocks-accordion-header:focus .kt-blocks-accordion-icon-trigger {background:#fff;}.kt-accordion-id_d843fb-c8:not( .kt-accodion-icon-style-basic ):not( .kt-accodion-icon-style-xclose ):not( .kt-accodion-icon-style-arrow ) .kt-blocks-accordion-header:hover .kt-blocks-accordion-icon-trigger:after, .kt-accordion-id_d843fb-c8:not( .kt-accodion-icon-style-basic ):not( .kt-accodion-icon-style-xclose ):not( .kt-accodion-icon-style-arrow ) .kt-blocks-accordion-header:hover .kt-blocks-accordion-icon-trigger:before, .kt-accordion-id_d843fb-c8:not( .kt-accodion-icon-style-basic ):not( .kt-accodion-icon-style-xclose ):not( .kt-accodion-icon-style-arrow ) .kt-blocks-accordion-header:focus .kt-blocks-accordion-icon-trigger:after, .kt-accordion-id_d843fb-c8:not( .kt-accodion-icon-style-basic ):not( .kt-accodion-icon-style-xclose ):not( .kt-accodion-icon-style-arrow ) .kt-blocks-accordion-header:focus .kt-blocks-accordion-icon-trigger:before {background:#a00000;}.kt-accordion-id_d843fb-c8 .kt-accordion-header-wrap .kt-blocks-accordion-header.kt-accordion-panel-active {color:#fff;background:#a00000;border-color:#a00000 #a00000 #a00000 #a00000;}.kt-accordion-id_d843fb-c8:not( .kt-accodion-icon-style-basiccircle ):not( .kt-accodion-icon-style-xclosecircle ):not( .kt-accodion-icon-style-arrowcircle ) .kt-blocks-accordion-header.kt-accordion-panel-active .kt-blocks-accordion-icon-trigger:after, .kt-accordion-id_d843fb-c8:not( .kt-accodion-icon-style-basiccircle ):not( .kt-accodion-icon-style-xclosecircle ):not( .kt-accodion-icon-style-arrowcircle ) .kt-blocks-accordion-header.kt-accordion-panel-active .kt-blocks-accordion-icon-trigger:before {background:#fff;}.kt-accordion-id_d843fb-c8:not( .kt-accodion-icon-style-basic ):not( .kt-accodion-icon-style-xclose ):not( .kt-accodion-icon-style-arrow ) .kt-blocks-accordion-header.kt-accordion-panel-active .kt-blocks-accordion-icon-trigger {background:#fff;}.kt-accordion-id_d843fb-c8:not( .kt-accodion-icon-style-basic ):not( .kt-accodion-icon-style-xclose ):not( .kt-accodion-icon-style-arrow ) .kt-blocks-accordion-header.kt-accordion-panel-active .kt-blocks-accordion-icon-trigger:after, .kt-accordion-id_d843fb-c8:not( .kt-accodion-icon-style-basic ):not( .kt-accodion-icon-style-xclose ):not( .kt-accodion-icon-style-arrow ) .kt-blocks-accordion-header.kt-accordion-panel-active .kt-blocks-accordion-icon-trigger:before {background:#a00000;}<\/style>\n<div class=\"wp-block-kadence-accordion alignnone\"><div class=\"kt-accordion-wrap kt-accordion-wrap kt-accordion-id_d843fb-c8 kt-accordion-has-6-panes kt-active-pane-5 kt-accordion-block kt-pane-header-alignment-left kt-accodion-icon-style-basic kt-accodion-icon-side-right\" style=\"max-width:none\"><div class=\"kt-accordion-inner-wrap\" data-allow-multiple-open=\"true\" data-start-open=\"5\">\n<div class=\"wp-block-kadence-pane kt-accordion-pane kt-accordion-pane-4 kt-pane_23cde3-2c\"><div class=\"kt-accordion-header-wrap\"><button class=\"kt-blocks-accordion-header kt-acccordion-button-label-show\"><div class=\"kt-blocks-accordion-title-wrap\"><span class=\"kt-blocks-accordion-title\"> <strong>Vis\u00e3o<\/strong>  <\/span><\/div><div class=\"kt-blocks-accordion-icon-trigger\"><\/div><\/button><\/div><div class=\"kt-accordion-panel\"><div class=\"kt-accordion-panel-inner\">\n<p> Ser a mais inovadora e rent\u00e1vel no Pa\u00eds, oferecendo servi\u00e7os globais no sector da constru\u00e7\u00e3o.<br> <\/p>\n<\/div><\/div><\/div>\n\n\n\n<div class=\"wp-block-kadence-pane kt-accordion-pane kt-accordion-pane-5 kt-pane_b3d823-96\"><div class=\"kt-accordion-header-wrap\"><button class=\"kt-blocks-accordion-header kt-acccordion-button-label-show\"><div class=\"kt-blocks-accordion-title-wrap\"><span class=\"kt-blocks-accordion-title\"> <strong>Miss\u00e3o<\/strong> <\/span><\/div><div class=\"kt-blocks-accordion-icon-trigger\"><\/div><\/button><\/div><div class=\"kt-accordion-panel\"><div class=\"kt-accordion-panel-inner\">\n<p>\n\nContribuir para o desenvolvimento sustentado da regi\u00e3o com rigor e compet\u00eancia\n\n<\/p>\n<\/div><\/div><\/div>\n\n\n\n<div class=\"wp-block-kadence-pane kt-accordion-pane kt-accordion-pane-6 kt-pane_7277f1-05\"><div class=\"kt-accordion-header-wrap\"><button class=\"kt-blocks-accordion-header kt-acccordion-button-label-show\"><div class=\"kt-blocks-accordion-title-wrap\"><span class=\"kt-blocks-accordion-title\"> <strong>Valores<\/strong>  <\/span><\/div><div class=\"kt-blocks-accordion-icon-trigger\"><\/div><\/button><\/div><div class=\"kt-accordion-panel\"><div class=\"kt-accordion-panel-inner\">\n<p>Os valores definem a personalidade e cultura da Norcep: <\/p>\n\n\n\n<ul><li><strong>CRIAR VALOR<\/strong> para o\ncliente <\/li><li><strong>INTEGRIDADE<\/strong> nas\natitudes <\/li><li><strong>LEALDADE<\/strong> nas\nrela\u00e7\u00f5es <\/li><li><strong>RIGOR<\/strong> nas a\u00e7\u00f5es<\/li><\/ul>\n<\/div><\/div><\/div>\n<\/div><\/div><\/div>\n\n\n\n<p><\/p>\n<\/div><\/div>\n\n\n\n<div class=\"wp-block-kadence-column inner-column-2 kadence-column_8bfb1b-a4\"><div class=\"kt-inside-inner-col\"><\/div><\/div>\n<\/div><\/div><\/div>\n\n\n\n<p><\/p>\n\n\n\n<p> <\/p>\n\n\n<p><!--EndFragment--><\/p>","protected":false},"excerpt":{"rendered":"","protected":false},"author":1,"featured_media":0,"parent":0,"menu_order":0,"comment_status":"closed","ping_status":"closed","template":"","meta":{"kt_blocks_editor_width":""},"yoast_head":"<!-- This site is optimized with the Yoast SEO plugin v16.3 - https:\/\/yoast.com\/wordpress\/plugins\/seo\/ -->\n<title>Os nossos valores | NORCEP Constru\u00e7\u00f5es S.A.<\/title>\n<meta name=\"robots\" content=\"index, follow, max-snippet:-1, max-image-preview:large, max-video-preview:-1\" \/>\n<link rel=\"canonical\" href=\"http:\/\/www.norcep.pt\/pt\/os-nossos-valores\/\" \/>\n<meta property=\"og:locale\" content=\"pt_PT\" \/>\n<meta property=\"og:type\" content=\"article\" \/>\n<meta property=\"og:title\" content=\"Os nossos valores | NORCEP Constru\u00e7\u00f5es S.A.\" \/>\n<meta property=\"og:url\" content=\"http:\/\/www.norcep.pt\/pt\/os-nossos-valores\/\" \/>\n<meta property=\"og:site_name\" content=\"NORCEP Constru\u00e7\u00f5es S.A.\" \/>\n<meta property=\"article:publisher\" content=\"https:\/\/www.facebook.com\/NORCEPsa\/\" \/>\n<meta property=\"article:modified_time\" content=\"2021-04-14T14:25:31+00:00\" \/>\n<meta name=\"twitter:card\" content=\"summary_large_image\" \/>\n<script type=\"application\/ld+json\" class=\"yoast-schema-graph\">{\"@context\":\"https:\/\/schema.org\",\"@graph\":[{\"@type\":\"Organization\",\"@id\":\"http:\/\/www.norcep.pt\/pt\/#organization\",\"name\":\"NORCEP Constru\\u00e7\\u00f5es S.A.\",\"url\":\"http:\/\/www.norcep.pt\/pt\/\",\"sameAs\":[\"https:\/\/www.facebook.com\/NORCEPsa\/\"],\"logo\":{\"@type\":\"ImageObject\",\"@id\":\"http:\/\/www.norcep.pt\/pt\/#logo\",\"inLanguage\":\"pt-PT\",\"url\":\"http:\/\/www.norcep.pt\/pt\/wp-content\/uploads\/2019\/10\/NORCEP_LOGO_.png\",\"contentUrl\":\"http:\/\/www.norcep.pt\/pt\/wp-content\/uploads\/2019\/10\/NORCEP_LOGO_.png\",\"width\":302,\"height\":132,\"caption\":\"NORCEP Constru\\u00e7\\u00f5es S.A.\"},\"image\":{\"@id\":\"http:\/\/www.norcep.pt\/pt\/#logo\"}},{\"@type\":\"WebSite\",\"@id\":\"http:\/\/www.norcep.pt\/pt\/#website\",\"url\":\"http:\/\/www.norcep.pt\/pt\/\",\"name\":\"NORCEP Constru\\u00e7\\u00f5es S.A.\",\"description\":\"Somos a obra que fazemos!\",\"publisher\":{\"@id\":\"http:\/\/www.norcep.pt\/pt\/#organization\"},\"potentialAction\":[{\"@type\":\"SearchAction\",\"target\":\"http:\/\/www.norcep.pt\/pt\/?s={search_term_string}\",\"query-input\":\"required name=search_term_string\"}],\"inLanguage\":\"pt-PT\"},{\"@type\":\"WebPage\",\"@id\":\"http:\/\/www.norcep.pt\/pt\/os-nossos-valores\/#webpage\",\"url\":\"http:\/\/www.norcep.pt\/pt\/os-nossos-valores\/\",\"name\":\"Os nossos valores | NORCEP Constru\\u00e7\\u00f5es S.A.\",\"isPartOf\":{\"@id\":\"http:\/\/www.norcep.pt\/pt\/#website\"},\"datePublished\":\"2019-10-28T18:17:21+00:00\",\"dateModified\":\"2021-04-14T14:25:31+00:00\",\"breadcrumb\":{\"@id\":\"http:\/\/www.norcep.pt\/pt\/os-nossos-valores\/#breadcrumb\"},\"inLanguage\":\"pt-PT\",\"potentialAction\":[{\"@type\":\"ReadAction\",\"target\":[\"http:\/\/www.norcep.pt\/pt\/os-nossos-valores\/\"]}]},{\"@type\":\"BreadcrumbList\",\"@id\":\"http:\/\/www.norcep.pt\/pt\/os-nossos-valores\/#breadcrumb\",\"itemListElement\":[{\"@type\":\"ListItem\",\"position\":1,\"item\":{\"@type\":\"WebPage\",\"@id\":\"http:\/\/www.norcep.pt\/pt\/\",\"url\":\"http:\/\/www.norcep.pt\/pt\/\",\"name\":\"In\\u00edcio\"}},{\"@type\":\"ListItem\",\"position\":2,\"item\":{\"@id\":\"http:\/\/www.norcep.pt\/pt\/os-nossos-valores\/#webpage\"}}]}]}<\/script>\n<!-- \/ Yoast SEO plugin. -->","_links":{"self":[{"href":"http:\/\/www.norcep.pt\/pt\/wp-json\/wp\/v2\/pages\/991"}],"collection":[{"href":"http:\/\/www.norcep.pt\/pt\/wp-json\/wp\/v2\/pages"}],"about":[{"href":"http:\/\/www.norcep.pt\/pt\/wp-json\/wp\/v2\/types\/page"}],"author":[{"embeddable":true,"href":"http:\/\/www.norcep.pt\/pt\/wp-json\/wp\/v2\/users\/1"}],"replies":[{"embeddable":true,"href":"http:\/\/www.norcep.pt\/pt\/wp-json\/wp\/v2\/comments?post=991"}],"version-history":[{"count":24,"href":"http:\/\/www.norcep.pt\/pt\/wp-json\/wp\/v2\/pages\/991\/revisions"}],"predecessor-version":[{"id":1749,"href":"http:\/\/www.norcep.pt\/pt\/wp-json\/wp\/v2\/pages\/991\/revisions\/1749"}],"wp:attachment":[{"href":"http:\/\/www.norcep.pt\/pt\/wp-json\/wp\/v2\/media?parent=991"}],"curies":[{"name":"wp","href":"https:\/\/api.w.org\/{rel}","templated":true}]}}